{"id":1902,"date":"2021-08-03T12:23:59","date_gmt":"2021-08-03T10:23:59","guid":{"rendered":"https:\/\/aspecta.sk\/?page_id=1902"},"modified":"2022-09-18T13:19:51","modified_gmt":"2022-09-18T11:19:51","slug":"zasady-ochrany-osobnych-udajov","status":"publish","type":"page","link":"https:\/\/aspecta.sk\/de\/zasady-ochrany-osobnych-udajov\/","title":{"rendered":"Z\u00e1sady ochrany osobn\u00fdch \u00fadajov"},"content":{"rendered":"<div data-elementor-type=\"wp-page\" data-elementor-id=\"1902\" class=\"elementor elementor-1902\">\n\t\t\t\t\t\t<section class=\"elementor-section elementor-top-section elementor-element elementor-element-2b1c3e80 elementor-section-boxed elementor-section-height-default elementor-section-height-default\" data-id=\"2b1c3e80\" data-element_type=\"section\" data-e-type=\"section\">\n\t\t\t\t\t\t<div class=\"elementor-container elementor-column-gap-default\">\n\t\t\t\t\t<div class=\"elementor-column elementor-col-100 elementor-top-column elementor-element elementor-element-75815bed\" data-id=\"75815bed\" data-element_type=\"column\" data-e-type=\"column\">\n\t\t\t<div class=\"elementor-widget-wrap elementor-element-populated\">\n\t\t\t\t\t\t<div class=\"elementor-element elementor-element-1c9e7f17 elementor-widget elementor-widget-text-editor\" data-id=\"1c9e7f17\" data-element_type=\"widget\" data-e-type=\"widget\" data-widget_type=\"text-editor.default\">\n\t\t\t\t<div class=\"elementor-widget-container\">\n\t\t\t\t\t\t\t\t\t\n<h3>Cookie-Politik<\/h3>\n<div>Tieto z\u00e1sady pou\u017e\u00edvania s\u00faborov cookie vysvet\u013euj\u00fa, \u010do s\u00fa s\u00fabory cookie a ako ich pou\u017e\u00edvame, typy s\u00faborov cookie, ktor\u00e9 pou\u017e\u00edvame, t. j. inform\u00e1cie, ktor\u00e9 zhroma\u017e\u010fujeme pomocou s\u00faborov cookie a ako sa tieto inform\u00e1cie pou\u017e\u00edvaj\u00fa, a ako kontrolova\u0165 preferencie s\u00faborov cookie. \u010eal\u0161ie inform\u00e1cie o tom, ako pou\u017e\u00edvame, uchov\u00e1vame a uchov\u00e1vame va\u0161e osobn\u00e9 \u00fadaje v bezpe\u010d\u00ed, n\u00e1jdete v na\u0161ich\u00a0<a href=\"https:\/\/aspecta.sk\/de\/zasady-ochrany-osobnych-udajov\/\">Z\u00e1sad\u00e1ch ochrany osobn\u00fdch \u00fadajov<\/a>.<\/div>\n<div>\u00a0<\/div>\n<div>Sie k\u00f6nnen Ihre Zustimmung zu der Cookie-Richtlinie auf unserer Website jederzeit \u00e4ndern oder widerrufen.<\/div>\n<div>\u00a0<\/div>\n<div class=\"translation-block\">Mehr dar\u00fcber, wer wir sind, wie Sie uns kontaktieren k\u00f6nnen und wie wir personenbezogene Daten verarbeiten, finden Sie in unserer <a href=\"https:\/\/aspecta.sk\/de\/zasady-ochrany-osobnych-udajov\/\" target=\"_blank\" rel=\"noopener\">Datenschutzerkl\u00e4rung<\/a>.<\/div>\n<div>\u00a0<\/div>\n<div>V\u00e1\u0161 s\u00fahlas sa vz\u0165ahuje na nasledovn\u00e9 dom\u00e9ny: aspecta.sk\n<div class=\"cli_user_consent_state\">V\u00e1\u0161 aktu\u00e1lny stav: S\u00fahlas akceptovan\u00fd.\u00a0<a class=\"cli_manage_current_consent\">Spravujte svoj s\u00fahlas.<\/a><\/div>\n<\/div>\n<h3>Was sind Cookies?<\/h3>\n<div>Cookies sind kleine Textdateien, die dazu dienen, kleine Informationen zu speichern. Sie werden auf Ihrem Ger\u00e4t gespeichert, wenn eine Webseite in Ihrem Browser geladen wird. Diese Cookies helfen uns, ordnungsgem\u00e4\u00df zu funktionieren, die Sicherheit zu verbessern, eine bessere Nutzererfahrung zu bieten und zu verstehen, wie die Website funktioniert und zu analysieren, was funktioniert und wo Verbesserungen vorgenommen werden m\u00fcssen.<\/div>\n<h3>Wie verwenden wir Cookies?<\/h3>\n<div>Wie die meisten Online-Dienste verwendet unsere Website Cookies von Erstanbietern und Drittanbietern f\u00fcr eine Reihe von Zwecken. Cookies von Drittanbietern, die auf unserer Website verwendet werden, werden haupts\u00e4chlich verwendet, um zu verstehen, wie die Website funktioniert, wie Sie mit unserer Website interagieren, um unsere Dienste bereitzustellen, um Anzeigen zu schalten, die f\u00fcr Sie relevant sind, und um insgesamt eine bessere und verbesserte Benutzererfahrung zu bieten und Ihre zuk\u00fcnftigen Interaktionen mit unserer Website zu beschleunigen.<\/div>\n<h3>Welche Arten von Cookies verwenden wir?<\/h3>\n<div>Nevyhnutn\u00e9: Niektor\u00e9 s\u00fabory cookie s\u00fa nevyhnutn\u00e9 na to, aby ste mohli vyu\u017e\u00edva\u0165 pln\u00fa funk\u010dnos\u0165 na\u0161ej str\u00e1nky. Umo\u017e\u0148uj\u00fa n\u00e1m udr\u017eiava\u0165 pou\u017e\u00edvate\u013esk\u00e9 rel\u00e1cie a predch\u00e1dza\u0165 ak\u00fdmko\u013evek bezpe\u010dnostn\u00fdm hrozb\u00e1m. Nezhroma\u017e\u010fuj\u00fa ani neuchov\u00e1vaj\u00fa \u017eiadne osobn\u00e9 \u00fadaje. Tieto s\u00fabory cookie v\u00e1m napr\u00edklad umo\u017e\u0148uj\u00fa prihl\u00e1si\u0165 sa do svojho \u00fa\u010dtu a prida\u0165 produkty do ko\u0161\u00edka a bezpe\u010dne zaplati\u0165.\u0160tatistiky: Tieto s\u00fabory cookie ukladaj\u00fa inform\u00e1cie, ako je po\u010det n\u00e1v\u0161tevn\u00edkov webovej lokality, po\u010det jedine\u010dn\u00fdch n\u00e1v\u0161tevn\u00edkov, ktor\u00e9 str\u00e1nky webovej lokality boli nav\u0161t\u00edven\u00e9, zdroj n\u00e1v\u0161tevy at\u010f. Tieto \u00fadaje n\u00e1m pom\u00e1haj\u00fa pochopi\u0165 a analyzova\u0165 v\u00fdkonnos\u0165 webovej lokality. a kde to potrebuje zlep\u0161enie.Funk\u010dn\u00e9: Toto s\u00fa s\u00fabory cookie, ktor\u00e9 pom\u00e1haj\u00fa ur\u010dit\u00fdm nepodstatn\u00fdm funkci\u00e1m na na\u0161ej webovej str\u00e1nke. Tieto funkcie zah\u0155\u0148aj\u00fa vkladanie obsahu, ako s\u00fa vide\u00e1, alebo zdie\u013eanie obsahu webovej str\u00e1nky na platform\u00e1ch soci\u00e1lnych m\u00e9di\u00ed.Predvo\u013eby: Tieto s\u00fabory cookie n\u00e1m pom\u00e1haj\u00fa uklada\u0165 va\u0161e nastavenia a preferencie prehliadania, ako s\u00fa napr\u00edklad jazykov\u00e9 preferencie, aby ste mali pri bud\u00facich n\u00e1v\u0161tev\u00e1ch webovej str\u00e1nky lep\u0161\u00ed a efekt\u00edvnej\u0161\u00ed z\u00e1\u017eitok.\n<table class=\"cookielawinfo-row-cat-table cookielawinfo-classic\">\n<thead>\n<tr>\n<th class=\"cookielawinfo-column-1\">COOKIE<\/th>\n<th class=\"cookielawinfo-column-2\">TYP<\/th>\n<th class=\"cookielawinfo-column-3\">D\u0139\u017dKA TRVANIA<\/th>\n<th class=\"cookielawinfo-column-4\">POPIS<\/th>\n<\/tr>\n<\/thead>\n<tbody>\n<tr class=\"cookielawinfo-row\">\n<td class=\"cookielawinfo-column-1\">_ga<\/td>\n<td class=\"cookielawinfo-column-2\">\u00a0<\/td>\n<td class=\"cookielawinfo-column-3\">2 years<\/td>\n<td class=\"cookielawinfo-column-4\">Das _ga-Cookie, das von Google Analytics installiert wird, berechnet die Besucher-, Sitzungs- und Kampagnendaten und verfolgt die Nutzung der Website f\u00fcr den Analysebericht der Website. Das Cookie speichert Informationen anonym und weist eine zuf\u00e4llig generierte Nummer zu, um eindeutige Besucher zu erkennen.<\/td>\n<\/tr>\n<tr class=\"cookielawinfo-row\">\n<td class=\"cookielawinfo-column-1\">_ga_09JETRZZS4<\/td>\n<td class=\"cookielawinfo-column-2\">\u00a0<\/td>\n<td class=\"cookielawinfo-column-3\">2 years<\/td>\n<td class=\"cookielawinfo-column-4\">This cookie is installed by Google Analytics.<\/td>\n<\/tr>\n<tr class=\"cookielawinfo-row\">\n<td class=\"cookielawinfo-column-1\">_gat_gtag_UA_203109869_1<\/td>\n<td class=\"cookielawinfo-column-2\">\u00a0<\/td>\n<td class=\"cookielawinfo-column-3\">1 Minute<\/td>\n<td class=\"cookielawinfo-column-4\">Set by Google to distinguish users.<\/td>\n<\/tr>\n<tr class=\"cookielawinfo-row\">\n<td class=\"cookielawinfo-column-1\">_gid<\/td>\n<td class=\"cookielawinfo-column-2\">\u00a0<\/td>\n<td class=\"cookielawinfo-column-3\">1 Tag<\/td>\n<td class=\"cookielawinfo-column-4\">Das von Google Analytics installierte _gid-Cookie speichert Informationen dar\u00fcber, wie Besucher eine Website nutzen, und erstellt einen Analysebericht \u00fcber die Leistung der Website. Zu den gesammelten Daten geh\u00f6ren die Anzahl der Besucher, ihre Quelle und die Seiten, die sie anonym besuchen.<\/td>\n<\/tr>\n<tr class=\"cookielawinfo-row\">\n<td class=\"cookielawinfo-column-1\">cookielawinfo-checkbox-anzeige<\/td>\n<td class=\"cookielawinfo-column-2\">\u00a0<\/td>\n<td class=\"cookielawinfo-column-3\">1 Jahr<\/td>\n<td class=\"cookielawinfo-column-4\">Dieser Cookie wird vom GDPR Cookie Consent Plugin gesetzt und dient dazu, die Zustimmung des Nutzers zu den Cookies der Kategorie \"Werbung\" zu erfassen.<\/td>\n<\/tr>\n<tr class=\"cookielawinfo-row\">\n<td class=\"cookielawinfo-column-1\">cookielawinfo-checkbox-analytics<\/td>\n<td class=\"cookielawinfo-column-2\">0<\/td>\n<td class=\"cookielawinfo-column-3\">11 months<\/td>\n<td class=\"cookielawinfo-column-4\">This cookie is set by GDPR Cookie Consent plugin. The cookie is used to store the user consent for the cookies in the category \u201eAnalytics\u201c.<\/td>\n<\/tr>\n<tr class=\"cookielawinfo-row\">\n<td class=\"cookielawinfo-column-1\">cookielawinfo-checkbox-functional<\/td>\n<td class=\"cookielawinfo-column-2\">0<\/td>\n<td class=\"cookielawinfo-column-3\">11 months<\/td>\n<td class=\"cookielawinfo-column-4\">The cookie is set by GDPR cookie consent to record the user consent for the cookies in the category \u201eFunctional\u201c.<\/td>\n<\/tr>\n<tr class=\"cookielawinfo-row\">\n<td class=\"cookielawinfo-column-1\">cookielawinfo-checkbox-necessary<\/td>\n<td class=\"cookielawinfo-column-2\">0<\/td>\n<td class=\"cookielawinfo-column-3\">11 months<\/td>\n<td class=\"cookielawinfo-column-4\">This cookie is set by GDPR Cookie Consent plugin. The cookies is used to store the user consent for the cookies in the category \u201eNecessary\u201c.<\/td>\n<\/tr>\n<tr class=\"cookielawinfo-row\">\n<td class=\"cookielawinfo-column-1\">cookielawinfo-checkbox-others<\/td>\n<td class=\"cookielawinfo-column-2\">0<\/td>\n<td class=\"cookielawinfo-column-3\">11 months<\/td>\n<td class=\"cookielawinfo-column-4\">This cookie is set by GDPR Cookie Consent plugin. The cookie is used to store the user consent for the cookies in the category \u201eOther.<\/td>\n<\/tr>\n<tr class=\"cookielawinfo-row\">\n<td class=\"cookielawinfo-column-1\">cookielawinfo-checkbox-performance<\/td>\n<td class=\"cookielawinfo-column-2\">0<\/td>\n<td class=\"cookielawinfo-column-3\">11 months<\/td>\n<td class=\"cookielawinfo-column-4\">This cookie is set by GDPR Cookie Consent plugin. The cookie is used to store the user consent for the cookies in the category \u201ePerformance\u201c.<\/td>\n<\/tr>\n<tr class=\"cookielawinfo-row\">\n<td class=\"cookielawinfo-column-1\">CookieLawInfoConsent<\/td>\n<td class=\"cookielawinfo-column-2\">\u00a0<\/td>\n<td class=\"cookielawinfo-column-3\">1 Jahr<\/td>\n<td class=\"cookielawinfo-column-4\">Speichert den Standard-Schaltfl\u00e4chenstatus der entsprechenden Kategorie und den Status der CCPA. Es funktioniert nur in Koordination mit dem prim\u00e4ren Cookie.<\/td>\n<\/tr>\n<tr class=\"cookielawinfo-row\">\n<td class=\"cookielawinfo-column-1\">viewed_cookie_policy<\/td>\n<td class=\"cookielawinfo-column-2\">0<\/td>\n<td class=\"cookielawinfo-column-3\">11 months<\/td>\n<td class=\"cookielawinfo-column-4\">The cookie is set by the GDPR Cookie Consent plugin and is used to store whether or not user has consented to the use of cookies. It does not store any personal data.<\/td>\n<\/tr>\n<\/tbody>\n<\/table>\n<\/div>\n<h3>Wie kann ich die Cookie-Einstellungen kontrollieren?<\/h3>\n<div>Wenn Sie sich sp\u00e4ter entschlie\u00dfen, Ihre Pr\u00e4ferenzen w\u00e4hrend Ihrer Browsing-Sitzung zu \u00e4ndern, k\u00f6nnen Sie auf die Registerkarte \u201eDatenschutz und Cookie-Richtlinie\u201c auf Ihrem Bildschirm klicken. Dadurch wird erneut ein Hinweis angezeigt, der es Ihnen erm\u00f6glicht, Ihre Einstellungen zu \u00e4ndern oder Ihre Zustimmung vollst\u00e4ndig zu widerrufen. Sie k\u00f6nnen Ihre Browsereinstellungen \u00e4ndern, um Cookies zu blockieren\/l\u00f6schen. Weitere Informationen \u00fcber die Verwaltung und L\u00f6schung von Cookies finden Sie unter wikipedia.org, www.allaboutcookies.org.<\/div>\n<h3>Zustimmung zur Verarbeitung von personenbezogenen Daten<\/h3>\n<p>(\u201eEinverst\u00e4ndnis\u201c)<\/p>\n<p>gem\u00e4\u00df \u00a7 13 Absatz 1 Buchstabe a und dem Gesetz Nr. 18\/2018 \u00fcber den Schutz personenbezogener Daten und \u00fcber \u00c4nderungen und Erg\u00e4nzungen bestimmter Gesetze in der ge\u00e4nderten Fassung<\/p>\n<p>(nachstehend als \u201edas Gesetz\u201c bezeichnet)<\/p>\n<p><strong>1 Zweck der Weitergabe von personenbezogenen Daten<\/strong><\/p>\n<p>Die angegebenen personenbezogenen Daten (E-Mail-Adresse, Telefonnummer, Vorname, Nachname, Firmenname) werden verwendet, um Nachrichten \u00fcber ASPECTA,s.r.o. zu versenden, wie z.B. Artikel oder Informationen \u00fcber neue Dienstleistungen. Auch um Sie per E-Mail, Telefonanrufe, SMS oder andere gleichwertige Formen der elektronischen Kommunikation zu kontaktieren, wie z. B. Benachrichtigungen \u00fcber Updates oder informative Mitteilungen in Bezug auf Funktionen, Produkte oder vertragliche Dienstleistungen, einschlie\u00dflich Sicherheitsupdates, wenn dies f\u00fcr deren Umsetzung notwendig oder angemessen ist. Die personenbezogenen Daten werden an Mailchimp weitergegeben und von diesem verarbeitet. Sie k\u00f6nnen auch in einer Liste gespeichert werden. Die Frist f\u00fcr die L\u00f6schung der personenbezogenen Daten betr\u00e4gt 5 Jahre.<\/p>\n<p><strong>2. Sie stellen dem Unternehmen personenbezogene Daten zur Verf\u00fcgung:<\/strong><\/p>\n<p>Name des Unternehmens: ASPECTA, s.r.o.<\/p>\n<p>\u010cere\u0161\u0148ov\u00e1 28, 036 58 Trnava, Slowakische Republik<\/p>\n<p>I\u010c: 45919887; DI\u010c: 2023146026; I\u010c DPHSK: 2023146026<\/p>\n<p>Wenn Sie Fragen zum Datenschutz haben, kontaktieren Sie uns bitte:<\/p>\n<ul>\n<li>E-Mail:<a href=\"http:\/\/mailto\/\" target=\"_blank\" rel=\"noopener\">\u00a0<span id=\"eeb-491735-863469\">info@aspecta.sk<\/span><br \/><\/a><\/li>\n<li>Kontaktseite\u00a0<a href=\"http:\/\/kontaktujte\/\" target=\"_blank\" rel=\"noopener\">www.aspecta.sk\/kontaktujte-nas\/<\/a><\/li>\n<li>Telefon:\u00a0<a href=\"http:\/\/tel\/\" target=\"_blank\" rel=\"noopener\">+421 905 517 719<\/a><\/li>\n<\/ul>\n<p>&nbsp;<\/p>\n<p><strong>3. Information und Rechte der betroffenen Person<\/strong><\/p>\n<p>Die Bereitstellung von Daten an ist freiwillig.<\/p>\n<p>Insbesondere hat die betroffene Person nach dem Gesetz folgende Rechte: das Recht auf Zugang zu personenbezogenen Daten, das Recht auf Berichtigung personenbezogener Daten, das Recht auf L\u00f6schung personenbezogener Daten, das Recht auf Einschr\u00e4nkung der Verarbeitung personenbezogener Daten, das Recht auf \u00dcbertragbarkeit personenbezogener Daten und das Recht auf Widerspruch gegen die Verarbeitung personenbezogener Daten.<\/p>\n<p>Die personenbezogenen Daten werden systematisch mit automatisierten Mitteln verarbeitet und streng gesichert, um die gesetzlichen Anforderungen zu erf\u00fcllen.<\/p>\n<p><strong>4. Zustimmung der betroffenen Person<\/strong><\/p>\n<p>Auf der Grundlage dieser Einwilligung erteilt die betroffene Person dem f\u00fcr die Verarbeitung Verantwortlichen ihre Zustimmung:<\/p>\n<ul>\n<li>die Verarbeitung Ihrer personenbezogenen Daten in den Listen (Google Spreadsheet) und in Mailchimp durch die Durchf\u00fchrung eines Vorgangs oder einer Reihe von Vorg\u00e4ngen mit diesen personenbezogenen Daten, insbesondere durch Beschaffung, Aufzeichnung, Organisation, Strukturierung, Speicherung, \u00c4nderung, Abruf, Abfrage, Verwendung, Offenlegung durch \u00dcbermittlung, Verbreitung oder auf andere Weise, Neuordnung oder Kombination, Einschr\u00e4nkung, L\u00f6schung, unabh\u00e4ngig davon, ob diese Vorg\u00e4nge automatisiert sind oder nicht, zu dem unter Punkt 1 genannten Zweck,<\/li>\n<li>die Weitergabe, den Zugang und die grenz\u00fcberschreitende \u00dcbermittlung personenbezogener Daten, die gem\u00e4\u00df der Spezifikation in Punkt 1. verarbeitet werden, und zwar unter den Bedingungen dieser Einwilligung und des Gesetzes.<\/li>\n<\/ul>\n<p>Gleichzeitig best\u00e4tigt die betroffene Person, dass:<\/p>\n<ul>\n<li>\u00e4lter als 16 Jahre ist,<\/li>\n<li>vollst\u00e4ndig und verst\u00e4ndlich \u00fcber die Art, den Umfang und den Zweck der Verarbeitung ihrer personenbezogenen Daten informiert worden ist,<\/li>\n<li>hatte die M\u00f6glichkeit, zus\u00e4tzliche Fragen zu stellen, die vollst\u00e4ndig beantwortet wurden, und willigt hiermit freiwillig ein, in die Liste aufgenommen und an Mailchimp \u00fcbermittelt zu werden.<\/li>\n<\/ul>\n<\/div>\n<\/div>\n<\/div>\n<\/div>\n<\/div>\n<\/section>\n<p><!-- \/wp:paragraph --><\/p>\t\t\t\t\t\t\t\t<\/div>\n\t\t\t\t<\/div>\n\t\t\t\t\t<\/div>\n\t\t<\/div>\n\t\t\t\t\t<\/div>\n\t\t<\/section>\n\t\t\t\t<\/div>","protected":false},"excerpt":{"rendered":"<p>Z\u00e1sady pou\u017e\u00edvania s\u00faborov cookie Tieto z\u00e1sady pou\u017e\u00edvania s\u00faborov cookie vysvet\u013euj\u00fa, \u010do s\u00fa s\u00fabory cookie a ako ich pou\u017e\u00edvame, typy s\u00faborov cookie, ktor\u00e9 pou\u017e\u00edvame, t. j. inform\u00e1cie, ktor\u00e9 zhroma\u017e\u010fujeme pomocou s\u00faborov cookie a ako sa tieto inform\u00e1cie pou\u017e\u00edvaj\u00fa, a ako kontrolova\u0165 preferencie s\u00faborov cookie. \u010eal\u0161ie inform\u00e1cie o tom, ako pou\u017e\u00edvame, uchov\u00e1vame a uchov\u00e1vame va\u0161e osobn\u00e9 \u00fadaje [&hellip;]<\/p>\n","protected":false},"author":1,"featured_media":0,"parent":0,"menu_order":0,"comment_status":"closed","ping_status":"closed","template":"","meta":{"footnotes":""},"class_list":["post-1902","page","type-page","status-publish","hentry"],"_links":{"self":[{"href":"https:\/\/aspecta.sk\/de\/wp-json\/wp\/v2\/pages\/1902","targetHints":{"allow":["GET"]}}],"collection":[{"href":"https:\/\/aspecta.sk\/de\/wp-json\/wp\/v2\/pages"}],"about":[{"href":"https:\/\/aspecta.sk\/de\/wp-json\/wp\/v2\/types\/page"}],"author":[{"embeddable":true,"href":"https:\/\/aspecta.sk\/de\/wp-json\/wp\/v2\/users\/1"}],"replies":[{"embeddable":true,"href":"https:\/\/aspecta.sk\/de\/wp-json\/wp\/v2\/comments?post=1902"}],"version-history":[{"count":0,"href":"https:\/\/aspecta.sk\/de\/wp-json\/wp\/v2\/pages\/1902\/revisions"}],"wp:attachment":[{"href":"https:\/\/aspecta.sk\/de\/wp-json\/wp\/v2\/media?parent=1902"}],"curies":[{"name":"wp","href":"https:\/\/api.w.org\/{rel}","templated":true}]}}