{"id":36,"date":"2021-06-29T12:42:22","date_gmt":"2021-06-29T10:42:22","guid":{"rendered":"https:\/\/new.aspecta.sk\/?page_id=36"},"modified":"2021-07-09T08:26:29","modified_gmt":"2021-07-09T06:26:29","slug":"it-riesenia-pre-vas-biznis","status":"publish","type":"page","link":"https:\/\/aspecta.sk\/de\/it-riesenia-pre-vas-biznis\/","title":{"rendered":"Viac&#8230;"},"content":{"rendered":"<div data-elementor-type=\"wp-page\" data-elementor-id=\"36\" class=\"elementor elementor-36\">\n\t\t\t\t\t\t<section class=\"elementor-section elementor-top-section elementor-element elementor-element-d0ad397 elementor-section-height-min-height elementor-section-boxed elementor-section-height-default elementor-section-items-middle\" data-id=\"d0ad397\" data-element_type=\"section\" data-e-type=\"section\" data-settings=\"{&quot;background_background&quot;:&quot;classic&quot;}\">\n\t\t\t\t\t\t<div class=\"elementor-container elementor-column-gap-default\">\n\t\t\t\t\t<div class=\"elementor-column elementor-col-100 elementor-top-column elementor-element elementor-element-6b16e00\" data-id=\"6b16e00\" data-element_type=\"column\" data-e-type=\"column\">\n\t\t\t<div class=\"elementor-widget-wrap elementor-element-populated\">\n\t\t\t\t\t\t<div class=\"elementor-element elementor-element-dcea5f6 elementor-widget elementor-widget-heading\" data-id=\"dcea5f6\" data-element_type=\"widget\" data-e-type=\"widget\" data-widget_type=\"heading.default\">\n\t\t\t\t<div class=\"elementor-widget-container\">\n\t\t\t\t\t<h2 class=\"elementor-heading-title elementor-size-default\">IT RIE\u0160ENIA, KTOR\u00c9 NAKOPN\u00da V\u00c1\u0160 BIZNIS<\/h2>\t\t\t\t<\/div>\n\t\t\t\t<\/div>\n\t\t\t\t\t<\/div>\n\t\t<\/div>\n\t\t\t\t\t<\/div>\n\t\t<\/section>\n\t\t\t\t<section class=\"elementor-section elementor-top-section elementor-element elementor-element-3c2c6df elementor-section-boxed elementor-section-height-default elementor-section-height-default\" data-id=\"3c2c6df\" data-element_type=\"section\" data-e-type=\"section\">\n\t\t\t\t\t\t<div class=\"elementor-container elementor-column-gap-default\">\n\t\t\t\t\t<div class=\"elementor-column elementor-col-50 elementor-top-column elementor-element elementor-element-a3a449a\" data-id=\"a3a449a\" data-element_type=\"column\" data-e-type=\"column\">\n\t\t\t<div class=\"elementor-widget-wrap elementor-element-populated\">\n\t\t\t\t\t\t<div class=\"elementor-element elementor-element-b1623d1 elementor-widget elementor-widget-image\" data-id=\"b1623d1\" data-element_type=\"widget\" data-e-type=\"widget\" data-widget_type=\"image.default\">\n\t\t\t\t<div class=\"elementor-widget-container\">\n\t\t\t\t\t\t\t\t\t\t\t\t\t\t\t<img decoding=\"async\" src=\"https:\/\/aspecta.sk\/wp-content\/uploads\/elementor\/thumbs\/software-developer-aspecta-pcrkdxl71phaetak6bb5r4w33q9qluf8lvxy7gb71s.png\" title=\"software-developer-aspecta\" alt=\"Aspecta v\u00e1m zabezpe\u010d\u00ed v\u00fdvoj softv\u00e9ru\" loading=\"lazy\" \/>\t\t\t\t\t\t\t\t\t\t\t\t\t\t\t<\/div>\n\t\t\t\t<\/div>\n\t\t\t\t<div class=\"elementor-element elementor-element-92e7a6f elementor-widget elementor-widget-heading\" data-id=\"92e7a6f\" data-element_type=\"widget\" data-e-type=\"widget\" data-widget_type=\"heading.default\">\n\t\t\t\t<div class=\"elementor-widget-container\">\n\t\t\t\t\t<h2 class=\"elementor-heading-title elementor-size-default\">Software-Entwicklung<\/h2>\t\t\t\t<\/div>\n\t\t\t\t<\/div>\n\t\t\t\t<div class=\"elementor-element elementor-element-51278e1 elementor-widget elementor-widget-text-editor\" data-id=\"51278e1\" data-element_type=\"widget\" data-e-type=\"widget\" data-widget_type=\"text-editor.default\">\n\t\t\t\t<div class=\"elementor-widget-container\">\n\t\t\t\t\t\t\t\t\t<p>Navrhneme, vytvor\u00edme a nasad\u00edme softv\u00e9r s oh\u013eadom na najmodernej\u0161ie v\u00fdvojov\u00e9 postupy a potreby va\u0161ej spolo\u010dnosti. R\u00fdchlo, efekt\u00edvne, komplexne.<\/p>\t\t\t\t\t\t\t\t<\/div>\n\t\t\t\t<\/div>\n\t\t\t\t\t<\/div>\n\t\t<\/div>\n\t\t\t\t<div class=\"elementor-column elementor-col-50 elementor-top-column elementor-element elementor-element-baa1504\" data-id=\"baa1504\" data-element_type=\"column\" data-e-type=\"column\">\n\t\t\t<div class=\"elementor-widget-wrap elementor-element-populated\">\n\t\t\t\t\t\t<div class=\"elementor-element elementor-element-0a3bd62 elementor-widget elementor-widget-image\" data-id=\"0a3bd62\" data-element_type=\"widget\" data-e-type=\"widget\" data-widget_type=\"image.default\">\n\t\t\t\t<div class=\"elementor-widget-container\">\n\t\t\t\t\t\t\t\t\t\t\t\t\t\t\t<img fetchpriority=\"high\" decoding=\"async\" width=\"800\" height=\"534\" src=\"https:\/\/aspecta.sk\/wp-content\/uploads\/2021\/07\/vyvoj-softveru-aspecta-1024x684.jpg\" class=\"attachment-large size-large wp-image-406\" alt=\"Aspecta v\u00fdvoj softv\u00e9ru\" srcset=\"https:\/\/aspecta.sk\/wp-content\/uploads\/2021\/07\/vyvoj-softveru-aspecta-1024x684.jpg 1024w, https:\/\/aspecta.sk\/wp-content\/uploads\/2021\/07\/vyvoj-softveru-aspecta-300x200.jpg 300w, https:\/\/aspecta.sk\/wp-content\/uploads\/2021\/07\/vyvoj-softveru-aspecta-768x513.jpg 768w, https:\/\/aspecta.sk\/wp-content\/uploads\/2021\/07\/vyvoj-softveru-aspecta-16x12.jpg 16w, https:\/\/aspecta.sk\/wp-content\/uploads\/2021\/07\/vyvoj-softveru-aspecta.jpg 1200w\" sizes=\"(max-width: 800px) 100vw, 800px\" title=\"\">\t\t\t\t\t\t\t\t\t\t\t\t\t\t\t<\/div>\n\t\t\t\t<\/div>\n\t\t\t\t\t<\/div>\n\t\t<\/div>\n\t\t\t\t\t<\/div>\n\t\t<\/section>\n\t\t\t\t<section class=\"elementor-section elementor-top-section elementor-element elementor-element-d3268df elementor-section-boxed elementor-section-height-default elementor-section-height-default\" data-id=\"d3268df\" data-element_type=\"section\" data-e-type=\"section\" data-settings=\"{&quot;background_background&quot;:&quot;classic&quot;}\">\n\t\t\t\t\t\t<div class=\"elementor-container elementor-column-gap-default\">\n\t\t\t\t\t<div class=\"elementor-column elementor-col-50 elementor-top-column elementor-element elementor-element-b6d3092\" data-id=\"b6d3092\" data-element_type=\"column\" data-e-type=\"column\">\n\t\t\t<div class=\"elementor-widget-wrap elementor-element-populated\">\n\t\t\t\t\t\t<div class=\"elementor-element elementor-element-61bcd19 elementor-widget elementor-widget-image\" data-id=\"61bcd19\" data-element_type=\"widget\" data-e-type=\"widget\" data-widget_type=\"image.default\">\n\t\t\t\t<div class=\"elementor-widget-container\">\n\t\t\t\t\t\t\t\t\t\t\t\t\t\t\t<img decoding=\"async\" width=\"800\" height=\"548\" src=\"https:\/\/aspecta.sk\/wp-content\/uploads\/2021\/07\/digitalizacia-aspecta-1024x701.jpg\" class=\"attachment-large size-large wp-image-405\" alt=\"Aspecta digitaliz\u00e1cia\" srcset=\"https:\/\/aspecta.sk\/wp-content\/uploads\/2021\/07\/digitalizacia-aspecta-1024x701.jpg 1024w, https:\/\/aspecta.sk\/wp-content\/uploads\/2021\/07\/digitalizacia-aspecta-300x206.jpg 300w, https:\/\/aspecta.sk\/wp-content\/uploads\/2021\/07\/digitalizacia-aspecta-768x526.jpg 768w, https:\/\/aspecta.sk\/wp-content\/uploads\/2021\/07\/digitalizacia-aspecta-16x12.jpg 16w, https:\/\/aspecta.sk\/wp-content\/uploads\/2021\/07\/digitalizacia-aspecta.jpg 1200w\" sizes=\"(max-width: 800px) 100vw, 800px\" title=\"\">\t\t\t\t\t\t\t\t\t\t\t\t\t\t\t<\/div>\n\t\t\t\t<\/div>\n\t\t\t\t\t<\/div>\n\t\t<\/div>\n\t\t\t\t<div class=\"elementor-column elementor-col-50 elementor-top-column elementor-element elementor-element-9aa9ed8\" data-id=\"9aa9ed8\" data-element_type=\"column\" data-e-type=\"column\">\n\t\t\t<div class=\"elementor-widget-wrap elementor-element-populated\">\n\t\t\t\t\t\t<div class=\"elementor-element elementor-element-873c119 elementor-widget elementor-widget-image\" data-id=\"873c119\" data-element_type=\"widget\" data-e-type=\"widget\" data-widget_type=\"image.default\">\n\t\t\t\t<div class=\"elementor-widget-container\">\n\t\t\t\t\t\t\t\t\t\t\t\t\t\t\t<img decoding=\"async\" src=\"https:\/\/aspecta.sk\/wp-content\/uploads\/elementor\/thumbs\/digitalization-aspecta-pcrke7xf4vvfyivjhxs20ka5myuryikabb4ahhvva2.png\" title=\"digitalization-aspecta\" alt=\"Aspecta v\u00e1m zabezpe\u010d\u00ed digitaliz\u00e1ciu\" loading=\"lazy\" \/>\t\t\t\t\t\t\t\t\t\t\t\t\t\t\t<\/div>\n\t\t\t\t<\/div>\n\t\t\t\t<div class=\"elementor-element elementor-element-3e4c664 elementor-widget elementor-widget-heading\" data-id=\"3e4c664\" data-element_type=\"widget\" data-e-type=\"widget\" data-widget_type=\"heading.default\">\n\t\t\t\t<div class=\"elementor-widget-container\">\n\t\t\t\t\t<h2 class=\"elementor-heading-title elementor-size-default\">Digitalisierung<\/h2>\t\t\t\t<\/div>\n\t\t\t\t<\/div>\n\t\t\t\t<div class=\"elementor-element elementor-element-1a6a3d4 elementor-widget elementor-widget-text-editor\" data-id=\"1a6a3d4\" data-element_type=\"widget\" data-e-type=\"widget\" data-widget_type=\"text-editor.default\">\n\t\t\t\t<div class=\"elementor-widget-container\">\n\t\t\t\t\t\t\t\t\t<p>Navrhneme, vytvor\u00edme a nasad\u00edme softv\u00e9r s oh\u013eadom na najmodernej\u0161ie v\u00fdvojov\u00e9 postupy a potreby va\u0161ej spolo\u010dnosti. R\u00fdchlo, efekt\u00edvne, komplexne.<\/p>\t\t\t\t\t\t\t\t<\/div>\n\t\t\t\t<\/div>\n\t\t\t\t\t<\/div>\n\t\t<\/div>\n\t\t\t\t\t<\/div>\n\t\t<\/section>\n\t\t\t\t<section class=\"elementor-section elementor-top-section elementor-element elementor-element-c1ced73 elementor-section-boxed elementor-section-height-default elementor-section-height-default\" data-id=\"c1ced73\" data-element_type=\"section\" data-e-type=\"section\">\n\t\t\t\t\t\t<div class=\"elementor-container elementor-column-gap-default\">\n\t\t\t\t\t<div class=\"elementor-column elementor-col-50 elementor-top-column elementor-element elementor-element-6c6e6d5\" data-id=\"6c6e6d5\" data-element_type=\"column\" data-e-type=\"column\">\n\t\t\t<div class=\"elementor-widget-wrap elementor-element-populated\">\n\t\t\t\t\t\t<div class=\"elementor-element elementor-element-be595a2 elementor-widget elementor-widget-image\" data-id=\"be595a2\" data-element_type=\"widget\" data-e-type=\"widget\" data-widget_type=\"image.default\">\n\t\t\t\t<div class=\"elementor-widget-container\">\n\t\t\t\t\t\t\t\t\t\t\t\t\t\t\t<img decoding=\"async\" src=\"https:\/\/aspecta.sk\/wp-content\/uploads\/elementor\/thumbs\/integration-aspecta-1-pcrkddul26q9n038dkrzsrvemmz1478vj68r4n4grs.png\" title=\"integration&#8211;aspecta\" alt=\"Aspecta v\u00e1m zabezpe\u010d\u00ed integr\u00e1ciu a automatiz\u00e1ciu\" loading=\"lazy\" \/>\t\t\t\t\t\t\t\t\t\t\t\t\t\t\t<\/div>\n\t\t\t\t<\/div>\n\t\t\t\t<div class=\"elementor-element elementor-element-651b836 elementor-widget elementor-widget-heading\" data-id=\"651b836\" data-element_type=\"widget\" data-e-type=\"widget\" data-widget_type=\"heading.default\">\n\t\t\t\t<div class=\"elementor-widget-container\">\n\t\t\t\t\t<h2 class=\"elementor-heading-title elementor-size-default\">Automatiz\u00e1cia a implement\u00e1cia<\/h2>\t\t\t\t<\/div>\n\t\t\t\t<\/div>\n\t\t\t\t<div class=\"elementor-element elementor-element-71c9935 elementor-widget elementor-widget-text-editor\" data-id=\"71c9935\" data-element_type=\"widget\" data-e-type=\"widget\" data-widget_type=\"text-editor.default\">\n\t\t\t\t<div class=\"elementor-widget-container\">\n\t\t\t\t\t\t\t\t\t<p>Navrhneme, vytvor\u00edme a nasad\u00edme softv\u00e9r s oh\u013eadom na najmodernej\u0161ie v\u00fdvojov\u00e9 postupy a potreby va\u0161ej spolo\u010dnosti. R\u00fdchlo, efekt\u00edvne, komplexne.<\/p>\t\t\t\t\t\t\t\t<\/div>\n\t\t\t\t<\/div>\n\t\t\t\t\t<\/div>\n\t\t<\/div>\n\t\t\t\t<div class=\"elementor-column elementor-col-50 elementor-top-column elementor-element elementor-element-86b8812\" data-id=\"86b8812\" data-element_type=\"column\" data-e-type=\"column\">\n\t\t\t<div class=\"elementor-widget-wrap elementor-element-populated\">\n\t\t\t\t\t\t<div class=\"elementor-element elementor-element-6d47bf3 elementor-widget elementor-widget-image\" data-id=\"6d47bf3\" data-element_type=\"widget\" data-e-type=\"widget\" data-widget_type=\"image.default\">\n\t\t\t\t<div class=\"elementor-widget-container\">\n\t\t\t\t\t\t\t\t\t\t\t\t\t\t\t<img decoding=\"async\" width=\"800\" height=\"534\" src=\"https:\/\/aspecta.sk\/wp-content\/uploads\/2021\/07\/automatizacia-a-integracia-aspecta-1024x683.jpg\" class=\"attachment-large size-large wp-image-403\" alt=\"Automatiz\u00e1cia a integr\u00e1cia Aspecta\" srcset=\"https:\/\/aspecta.sk\/wp-content\/uploads\/2021\/07\/automatizacia-a-integracia-aspecta-1024x683.jpg 1024w, https:\/\/aspecta.sk\/wp-content\/uploads\/2021\/07\/automatizacia-a-integracia-aspecta-300x200.jpg 300w, https:\/\/aspecta.sk\/wp-content\/uploads\/2021\/07\/automatizacia-a-integracia-aspecta-768x512.jpg 768w, https:\/\/aspecta.sk\/wp-content\/uploads\/2021\/07\/automatizacia-a-integracia-aspecta-16x12.jpg 16w, https:\/\/aspecta.sk\/wp-content\/uploads\/2021\/07\/automatizacia-a-integracia-aspecta.jpg 1200w\" sizes=\"(max-width: 800px) 100vw, 800px\" title=\"\">\t\t\t\t\t\t\t\t\t\t\t\t\t\t\t<\/div>\n\t\t\t\t<\/div>\n\t\t\t\t\t<\/div>\n\t\t<\/div>\n\t\t\t\t\t<\/div>\n\t\t<\/section>\n\t\t\t\t<section class=\"elementor-section elementor-top-section elementor-element elementor-element-328e76b elementor-section-boxed elementor-section-height-default elementor-section-height-default\" data-id=\"328e76b\" data-element_type=\"section\" data-e-type=\"section\" data-settings=\"{&quot;background_background&quot;:&quot;classic&quot;}\">\n\t\t\t\t\t\t<div class=\"elementor-container elementor-column-gap-default\">\n\t\t\t\t\t<div class=\"elementor-column elementor-col-50 elementor-top-column elementor-element elementor-element-5729c16\" data-id=\"5729c16\" data-element_type=\"column\" data-e-type=\"column\">\n\t\t\t<div class=\"elementor-widget-wrap elementor-element-populated\">\n\t\t\t\t\t\t<div class=\"elementor-element elementor-element-969325e elementor-widget elementor-widget-image\" data-id=\"969325e\" data-element_type=\"widget\" data-e-type=\"widget\" data-widget_type=\"image.default\">\n\t\t\t\t<div class=\"elementor-widget-container\">\n\t\t\t\t\t\t\t\t\t\t\t\t\t\t\t<img loading=\"lazy\" decoding=\"async\" width=\"800\" height=\"534\" src=\"https:\/\/aspecta.sk\/wp-content\/uploads\/2021\/07\/datova-vyuzitelnost-datove-sklady-aspecta-1024x683.jpg\" class=\"attachment-large size-large wp-image-404\" alt=\"Aspecta d\u00e1tov\u00e1 vyu\u017eite\u013enos\u0165 a d\u00e1tov\u00e9 sklady\" srcset=\"https:\/\/aspecta.sk\/wp-content\/uploads\/2021\/07\/datova-vyuzitelnost-datove-sklady-aspecta-1024x683.jpg 1024w, https:\/\/aspecta.sk\/wp-content\/uploads\/2021\/07\/datova-vyuzitelnost-datove-sklady-aspecta-300x200.jpg 300w, https:\/\/aspecta.sk\/wp-content\/uploads\/2021\/07\/datova-vyuzitelnost-datove-sklady-aspecta-768x512.jpg 768w, https:\/\/aspecta.sk\/wp-content\/uploads\/2021\/07\/datova-vyuzitelnost-datove-sklady-aspecta-16x12.jpg 16w, https:\/\/aspecta.sk\/wp-content\/uploads\/2021\/07\/datova-vyuzitelnost-datove-sklady-aspecta.jpg 1200w\" sizes=\"(max-width: 800px) 100vw, 800px\" title=\"\">\t\t\t\t\t\t\t\t\t\t\t\t\t\t\t<\/div>\n\t\t\t\t<\/div>\n\t\t\t\t\t<\/div>\n\t\t<\/div>\n\t\t\t\t<div class=\"elementor-column elementor-col-50 elementor-top-column elementor-element elementor-element-08cfab9\" data-id=\"08cfab9\" data-element_type=\"column\" data-e-type=\"column\">\n\t\t\t<div class=\"elementor-widget-wrap elementor-element-populated\">\n\t\t\t\t\t\t<div class=\"elementor-element elementor-element-18652d0 elementor-widget elementor-widget-image\" data-id=\"18652d0\" data-element_type=\"widget\" data-e-type=\"widget\" data-widget_type=\"image.default\">\n\t\t\t\t<div class=\"elementor-widget-container\">\n\t\t\t\t\t\t\t\t\t\t\t\t\t\t\t<img decoding=\"async\" src=\"https:\/\/aspecta.sk\/wp-content\/uploads\/elementor\/thumbs\/dwh-aspecta-1-pcrkdb12homeo67bu1k43al0uhcxh3xoisaaot8nag.png\" title=\"dwh-aspecta\" alt=\"Aspecta v\u00e1m zabezpe\u010d\u00ed DWH slu\u017eby\" loading=\"lazy\" \/>\t\t\t\t\t\t\t\t\t\t\t\t\t\t\t<\/div>\n\t\t\t\t<\/div>\n\t\t\t\t<div class=\"elementor-element elementor-element-c4145ba elementor-widget elementor-widget-heading\" data-id=\"c4145ba\" data-element_type=\"widget\" data-e-type=\"widget\" data-widget_type=\"heading.default\">\n\t\t\t\t<div class=\"elementor-widget-container\">\n\t\t\t\t\t<h2 class=\"elementor-heading-title elementor-size-default\">Datenverwertung und Business Intelligence<\/h2>\t\t\t\t<\/div>\n\t\t\t\t<\/div>\n\t\t\t\t<div class=\"elementor-element elementor-element-384fc1c elementor-widget elementor-widget-text-editor\" data-id=\"384fc1c\" data-element_type=\"widget\" data-e-type=\"widget\" data-widget_type=\"text-editor.default\">\n\t\t\t\t<div class=\"elementor-widget-container\">\n\t\t\t\t\t\t\t\t\t<p>Navrhneme, vytvor\u00edme a nasad\u00edme softv\u00e9r s oh\u013eadom na najmodernej\u0161ie v\u00fdvojov\u00e9 postupy a potreby va\u0161ej spolo\u010dnosti. R\u00fdchlo, efekt\u00edvne, komplexne.<\/p>\t\t\t\t\t\t\t\t<\/div>\n\t\t\t\t<\/div>\n\t\t\t\t\t<\/div>\n\t\t<\/div>\n\t\t\t\t\t<\/div>\n\t\t<\/section>\n\t\t\t\t<\/div>","protected":false},"excerpt":{"rendered":"<p>IT RIE\u0160ENIA, KTOR\u00c9 NAKOPN\u00da V\u00c1\u0160 BIZNIS V\u00fdvoj softv\u00e9ru Navrhneme, vytvor\u00edme a nasad\u00edme softv\u00e9r s oh\u013eadom na najmodernej\u0161ie v\u00fdvojov\u00e9 postupy a potreby va\u0161ej spolo\u010dnosti. R\u00fdchlo, efekt\u00edvne, komplexne. Digitaliz\u00e1cia Navrhneme, vytvor\u00edme a nasad\u00edme softv\u00e9r s oh\u013eadom na najmodernej\u0161ie v\u00fdvojov\u00e9 postupy a potreby va\u0161ej spolo\u010dnosti. R\u00fdchlo, efekt\u00edvne, komplexne. Automatiz\u00e1cia a implement\u00e1cia Navrhneme, vytvor\u00edme a nasad\u00edme softv\u00e9r s oh\u013eadom [&hellip;]<\/p>\n","protected":false},"author":1,"featured_media":0,"parent":0,"menu_order":0,"comment_status":"closed","ping_status":"closed","template":"","meta":{"footnotes":""},"class_list":["post-36","page","type-page","status-publish","hentry"],"_links":{"self":[{"href":"https:\/\/aspecta.sk\/de\/wp-json\/wp\/v2\/pages\/36","targetHints":{"allow":["GET"]}}],"collection":[{"href":"https:\/\/aspecta.sk\/de\/wp-json\/wp\/v2\/pages"}],"about":[{"href":"https:\/\/aspecta.sk\/de\/wp-json\/wp\/v2\/types\/page"}],"author":[{"embeddable":true,"href":"https:\/\/aspecta.sk\/de\/wp-json\/wp\/v2\/users\/1"}],"replies":[{"embeddable":true,"href":"https:\/\/aspecta.sk\/de\/wp-json\/wp\/v2\/comments?post=36"}],"version-history":[{"count":0,"href":"https:\/\/aspecta.sk\/de\/wp-json\/wp\/v2\/pages\/36\/revisions"}],"wp:attachment":[{"href":"https:\/\/aspecta.sk\/de\/wp-json\/wp\/v2\/media?parent=36"}],"curies":[{"name":"wp","href":"https:\/\/api.w.org\/{rel}","templated":true}]}}