{"id":4571,"date":"2021-09-22T11:06:27","date_gmt":"2021-09-22T09:06:27","guid":{"rendered":"https:\/\/aspecta.sk\/?page_id=4571"},"modified":"2024-10-19T02:45:55","modified_gmt":"2024-10-19T00:45:55","slug":"vyvoj-softveru-na-mieru","status":"publish","type":"page","link":"https:\/\/aspecta.sk\/de\/vyvoj-softveru-na-mieru\/","title":{"rendered":"Ma\u00dfgeschneiderte Software-Entwicklung"},"content":{"rendered":"<div data-elementor-type=\"wp-page\" data-elementor-id=\"4571\" class=\"elementor elementor-4571\">\n\t\t\t\t\t\t<section class=\"elementor-section elementor-top-section elementor-element elementor-element-a3b1f72 elementor-section-height-min-height elementor-section-boxed elementor-section-height-default elementor-section-items-middle\" data-id=\"a3b1f72\" data-element_type=\"section\" data-e-type=\"section\" data-settings=\"{&quot;background_background&quot;:&quot;classic&quot;}\">\n\t\t\t\t\t\t<div class=\"elementor-container elementor-column-gap-default\">\n\t\t\t\t\t<div class=\"elementor-column elementor-col-100 elementor-top-column elementor-element elementor-element-83010d5\" data-id=\"83010d5\" data-element_type=\"column\" data-e-type=\"column\">\n\t\t\t<div class=\"elementor-widget-wrap elementor-element-populated\">\n\t\t\t\t\t\t<div class=\"elementor-element elementor-element-9c554cb elementor-widget elementor-widget-heading\" data-id=\"9c554cb\" data-element_type=\"widget\" data-e-type=\"widget\" data-widget_type=\"heading.default\">\n\t\t\t\t<div class=\"elementor-widget-container\">\n\t\t\t\t\t<h1 class=\"elementor-heading-title elementor-size-default\">Software-Entwicklung<\/h1>\t\t\t\t<\/div>\n\t\t\t\t<\/div>\n\t\t\t\t\t<\/div>\n\t\t<\/div>\n\t\t\t\t\t<\/div>\n\t\t<\/section>\n\t\t\t\t<section class=\"elementor-section elementor-top-section elementor-element elementor-element-5b819511 elementor-section-boxed elementor-section-height-default elementor-section-height-default\" data-id=\"5b819511\" data-element_type=\"section\" data-e-type=\"section\">\n\t\t\t\t\t\t<div class=\"elementor-container elementor-column-gap-default\">\n\t\t\t\t\t<div class=\"elementor-column elementor-col-100 elementor-top-column elementor-element elementor-element-1c413654\" data-id=\"1c413654\" data-element_type=\"column\" data-e-type=\"column\">\n\t\t\t<div class=\"elementor-widget-wrap elementor-element-populated\">\n\t\t\t\t\t\t<div class=\"elementor-element elementor-element-236a9f0b elementor-widget elementor-widget-text-editor\" data-id=\"236a9f0b\" data-element_type=\"widget\" data-e-type=\"widget\" data-widget_type=\"text-editor.default\">\n\t\t\t\t<div class=\"elementor-widget-container\">\n\t\t\t\t\t\t\t\t\t<p><strong>Die kundenspezifische Softwareentwicklung f\u00fcr Unternehmen hat einen erheblichen Einfluss auf Ihr Unternehmen und bringt viele Vorteile. Bei der Softwareentwicklung geht es nicht nur um die Entwicklung von Web- oder Softwareanwendungen, sondern auch um die Ber\u00fccksichtigung von Gesch\u00e4ftsanforderungen und Benutzeranforderungen. Durch den Einsatz agiler Praktiken ist das resultierende Produkt ein Tr\u00e4ger von hohem kommerziellem Wert.<\/strong><\/p>\t\t\t\t\t\t\t\t<\/div>\n\t\t\t\t<\/div>\n\t\t\t\t\t<\/div>\n\t\t<\/div>\n\t\t\t\t\t<\/div>\n\t\t<\/section>\n\t\t\t\t<section class=\"elementor-section elementor-top-section elementor-element elementor-element-6dc9ad59 elementor-section-boxed elementor-section-height-default elementor-section-height-default\" data-id=\"6dc9ad59\" data-element_type=\"section\" data-e-type=\"section\">\n\t\t\t\t\t\t<div class=\"elementor-container elementor-column-gap-default\">\n\t\t\t\t\t<div class=\"elementor-column elementor-col-100 elementor-top-column elementor-element elementor-element-2f86efe9\" data-id=\"2f86efe9\" data-element_type=\"column\" data-e-type=\"column\">\n\t\t\t<div class=\"elementor-widget-wrap elementor-element-populated\">\n\t\t\t\t\t\t<div class=\"elementor-element elementor-element-27dcc75 elementor-widget elementor-widget-heading\" data-id=\"27dcc75\" data-element_type=\"widget\" data-e-type=\"widget\" data-widget_type=\"heading.default\">\n\t\t\t\t<div class=\"elementor-widget-container\">\n\t\t\t\t\t<h2 class=\"elementor-heading-title elementor-size-default\">Software-Entwicklung<\/h2>\t\t\t\t<\/div>\n\t\t\t\t<\/div>\n\t\t\t\t<div class=\"elementor-element elementor-element-1e8b7a00 elementor-widget elementor-widget-text-editor\" data-id=\"1e8b7a00\" data-element_type=\"widget\" data-e-type=\"widget\" data-widget_type=\"text-editor.default\">\n\t\t\t\t<div class=\"elementor-widget-container\">\n\t\t\t\t\t\t\t\t\t<p class=\"translation-block\">Die Software-Entwicklung ist eine Reihe von IT-Aktivit\u00e4ten, die sich mit dem Prozess der Erstellung, dem Entwurf, dem Einsatz und der Unterst\u00fctzung von Software befassen. Viele Unternehmen verwenden handels\u00fcbliche Softwarepakete, weil die Kosten f\u00fcr die Implementierung geringer sind. Nat\u00fcrlich ist dieser Ansatz nicht zwangsl\u00e4ufig schlecht, doch sto\u00dfen die Benutzer oft irgendwann an ihre Grenzen. Vor allem f\u00fcr spezifische Aufgaben oder Prozesse reicht die Funktionalit\u00e4t von \"generischen\" Softwarel\u00f6sungen m\u00f6glicherweise nicht aus. Dies behindert letztlich die Produktivit\u00e4t, raubt den Nutzern Zeit und f\u00fchrt auf Dauer zu h\u00f6heren Kosten. Durch die Entwicklung ma\u00dfgeschneiderter Software (auch wenn die anf\u00e4nglichen Kosten h\u00f6her sein k\u00f6nnen) wird sichergestellt, dass das Endprodukt den Anforderungen Ihres Unternehmens entspricht und die Automatisierung und digitale Transformation Ihres Unternehmens in Gang setzt.<\/p>\t\t\t\t\t\t\t\t<\/div>\n\t\t\t\t<\/div>\n\t\t\t\t\t<\/div>\n\t\t<\/div>\n\t\t\t\t\t<\/div>\n\t\t<\/section>\n\t\t\t\t<section class=\"elementor-section elementor-top-section elementor-element elementor-element-78fd4d9 elementor-section-boxed elementor-section-height-default elementor-section-height-default\" data-id=\"78fd4d9\" data-element_type=\"section\" data-e-type=\"section\" data-settings=\"{&quot;background_background&quot;:&quot;classic&quot;}\">\n\t\t\t\t\t\t<div class=\"elementor-container elementor-column-gap-default\">\n\t\t\t\t\t<div class=\"elementor-column elementor-col-100 elementor-top-column elementor-element elementor-element-2b4a0b9\" data-id=\"2b4a0b9\" data-element_type=\"column\" data-e-type=\"column\">\n\t\t\t<div class=\"elementor-widget-wrap elementor-element-populated\">\n\t\t\t\t\t\t<div class=\"elementor-element elementor-element-917d2b8 elementor-widget elementor-widget-heading\" data-id=\"917d2b8\" data-element_type=\"widget\" data-e-type=\"widget\" data-widget_type=\"heading.default\">\n\t\t\t\t<div class=\"elementor-widget-container\">\n\t\t\t\t\t<h2 class=\"elementor-heading-title elementor-size-default\">Vorteile der ma\u00dfgeschneiderten Softwareentwicklung<\/h2>\t\t\t\t<\/div>\n\t\t\t\t<\/div>\n\t\t\t\t<div class=\"elementor-element elementor-element-acb6382 elementor-widget elementor-widget-text-editor\" data-id=\"acb6382\" data-element_type=\"widget\" data-e-type=\"widget\" data-widget_type=\"text-editor.default\">\n\t\t\t\t<div class=\"elementor-widget-container\">\n\t\t\t\t\t\t\t\t\t<p>Neben der Beseitigung der oben erw\u00e4hnten Einschr\u00e4nkungen von Standard-Softwarel\u00f6sungen bringt ma\u00dfgeschneiderte Software weitere Vorteile f\u00fcr Ihr Unternehmen.<\/p>\t\t\t\t\t\t\t\t<\/div>\n\t\t\t\t<\/div>\n\t\t\t\t\t<\/div>\n\t\t<\/div>\n\t\t\t\t\t<\/div>\n\t\t<\/section>\n\t\t\t\t<section class=\"elementor-section elementor-top-section elementor-element elementor-element-6d46a99 elementor-section-full_width elementor-section-height-default elementor-section-height-default\" data-id=\"6d46a99\" data-element_type=\"section\" data-e-type=\"section\" data-settings=\"{&quot;background_background&quot;:&quot;classic&quot;}\">\n\t\t\t\t\t\t\t<div class=\"elementor-background-overlay\"><\/div>\n\t\t\t\t\t\t\t<div class=\"elementor-container elementor-column-gap-default\">\n\t\t\t\t\t<div class=\"elementor-column elementor-col-33 elementor-top-column elementor-element elementor-element-46fad893\" data-id=\"46fad893\" data-element_type=\"column\" data-e-type=\"column\">\n\t\t\t<div class=\"elementor-widget-wrap elementor-element-populated\">\n\t\t\t\t\t\t<div class=\"elementor-element elementor-element-78b88809 elementor-view-default elementor-position-block-start elementor-mobile-position-block-start elementor-widget elementor-widget-icon-box\" data-id=\"78b88809\" data-element_type=\"widget\" data-e-type=\"widget\" data-widget_type=\"icon-box.default\">\n\t\t\t\t<div class=\"elementor-widget-container\">\n\t\t\t\t\t\t\t<div class=\"elementor-icon-box-wrapper\">\n\n\t\t\t\t\t\t<div class=\"elementor-icon-box-icon\">\n\t\t\t\t<span  class=\"elementor-icon\">\n\t\t\t\t<i aria-hidden=\"true\" class=\"icon icon-thumbs-up\"><\/i>\t\t\t\t<\/span>\n\t\t\t<\/div>\n\t\t\t\n\t\t\t\t\t\t<div class=\"elementor-icon-box-content\">\n\n\t\t\t\t\t\t\t\t\t<h3 class=\"elementor-icon-box-title\">\n\t\t\t\t\t\t<span  >\n\t\t\t\t\t\t\tVerl\u00e4sslichkeit\t\t\t\t\t\t<\/span>\n\t\t\t\t\t<\/h3>\n\t\t\t\t\n\t\t\t\t\t\t\t\t\t<p class=\"elementor-icon-box-description\">\n\t\t\t\t\t\tMa\u00dfgeschneiderte Software gew\u00e4hrleistet, dass alle Aspekte der Software auf die Benutzer, den Zweck und die Sicherheit zugeschnitten sind. Durch ordnungsgem\u00e4\u00dfe Tests wird sichergestellt, dass Sie \u00fcber ein zuverl\u00e4ssiges Instrument verf\u00fcgen, das das Wachstum Ihres Unternehmens unterst\u00fctzen kann.\t\t\t\t\t<\/p>\n\t\t\t\t\n\t\t\t<\/div>\n\t\t\t\n\t\t<\/div>\n\t\t\t\t\t\t<\/div>\n\t\t\t\t<\/div>\n\t\t\t\t<div class=\"elementor-element elementor-element-7677cc14 elementor-view-default elementor-position-block-start elementor-mobile-position-block-start elementor-widget elementor-widget-icon-box\" data-id=\"7677cc14\" data-element_type=\"widget\" data-e-type=\"widget\" data-widget_type=\"icon-box.default\">\n\t\t\t\t<div class=\"elementor-widget-container\">\n\t\t\t\t\t\t\t<div class=\"elementor-icon-box-wrapper\">\n\n\t\t\t\t\t\t<div class=\"elementor-icon-box-icon\">\n\t\t\t\t<span  class=\"elementor-icon\">\n\t\t\t\t<i aria-hidden=\"true\" class=\"icon icon-diamond\"><\/i>\t\t\t\t<\/span>\n\t\t\t<\/div>\n\t\t\t\n\t\t\t\t\t\t<div class=\"elementor-icon-box-content\">\n\n\t\t\t\t\t\t\t\t\t<h3 class=\"elementor-icon-box-title\">\n\t\t\t\t\t\t<span  >\n\t\t\t\t\t\t\tEinzigartigkeit\t\t\t\t\t\t<\/span>\n\t\t\t\t\t<\/h3>\n\t\t\t\t\n\t\t\t\t\t\t\t\t\t<p class=\"elementor-icon-box-description\">\n\t\t\t\t\t\tJedes Unternehmen ist einzigartig. Was f\u00fcr ein Unternehmen funktioniert, muss nicht unbedingt f\u00fcr ein anderes gelten. Die Entwicklung einer exklusiven Software f\u00fcr Ihr Unternehmen gew\u00e4hrleistet, dass Sie spezifische Aktivit\u00e4ten und Prozesse entsprechend Ihren Anforderungen abdecken k\u00f6nnen.\t\t\t\t\t<\/p>\n\t\t\t\t\n\t\t\t<\/div>\n\t\t\t\n\t\t<\/div>\n\t\t\t\t\t\t<\/div>\n\t\t\t\t<\/div>\n\t\t\t\t\t<\/div>\n\t\t<\/div>\n\t\t\t\t<div class=\"elementor-column elementor-col-33 elementor-top-column elementor-element elementor-element-2664eb2\" data-id=\"2664eb2\" data-element_type=\"column\" data-e-type=\"column\">\n\t\t\t<div class=\"elementor-widget-wrap elementor-element-populated\">\n\t\t\t\t\t\t<div class=\"elementor-element elementor-element-2991fa18 elementor-view-default elementor-position-block-start elementor-mobile-position-block-start elementor-widget elementor-widget-icon-box\" data-id=\"2991fa18\" data-element_type=\"widget\" data-e-type=\"widget\" data-widget_type=\"icon-box.default\">\n\t\t\t\t<div class=\"elementor-widget-container\">\n\t\t\t\t\t\t\t<div class=\"elementor-icon-box-wrapper\">\n\n\t\t\t\t\t\t<div class=\"elementor-icon-box-icon\">\n\t\t\t\t<span  class=\"elementor-icon\">\n\t\t\t\t<i aria-hidden=\"true\" class=\"icon icon-save-money\"><\/i>\t\t\t\t<\/span>\n\t\t\t<\/div>\n\t\t\t\n\t\t\t\t\t\t<div class=\"elementor-icon-box-content\">\n\n\t\t\t\t\t\t\t\t\t<h3 class=\"elementor-icon-box-title\">\n\t\t\t\t\t\t<span  >\n\t\t\t\t\t\t\tKosteng\u00fcnstigkeit\t\t\t\t\t\t<\/span>\n\t\t\t\t\t<\/h3>\n\t\t\t\t\n\t\t\t\t\t\t\t\t\t<p class=\"elementor-icon-box-description\">\n\t\t\t\t\t\tDie Entwicklung ma\u00dfgeschneiderter Software erm\u00f6glicht es Ihnen, das Wachstum Ihres Unternehmens zu steuern. So gew\u00e4hrleistet die Software die Kontinuit\u00e4t der Gesch\u00e4ftsprozesse und spart Ihnen die Kosten f\u00fcr Updates, Erweiterungen und \u00c4nderungen.\t\t\t\t\t<\/p>\n\t\t\t\t\n\t\t\t<\/div>\n\t\t\t\n\t\t<\/div>\n\t\t\t\t\t\t<\/div>\n\t\t\t\t<\/div>\n\t\t\t\t<div class=\"elementor-element elementor-element-1cb72b0 elementor-view-default elementor-position-block-start elementor-mobile-position-block-start elementor-widget elementor-widget-icon-box\" data-id=\"1cb72b0\" data-element_type=\"widget\" data-e-type=\"widget\" data-widget_type=\"icon-box.default\">\n\t\t\t\t<div class=\"elementor-widget-container\">\n\t\t\t\t\t\t\t<div class=\"elementor-icon-box-wrapper\">\n\n\t\t\t\t\t\t<div class=\"elementor-icon-box-icon\">\n\t\t\t\t<span  class=\"elementor-icon\">\n\t\t\t\t<i aria-hidden=\"true\" class=\"icon icon-settings1\"><\/i>\t\t\t\t<\/span>\n\t\t\t<\/div>\n\t\t\t\n\t\t\t\t\t\t<div class=\"elementor-icon-box-content\">\n\n\t\t\t\t\t\t\t\t\t<h3 class=\"elementor-icon-box-title\">\n\t\t\t\t\t\t<span  >\n\t\t\t\t\t\t\tKompatibilit\u00e4t\t\t\t\t\t\t<\/span>\n\t\t\t\t\t<\/h3>\n\t\t\t\t\n\t\t\t\t\t\t\t\t\t<p class=\"elementor-icon-box-description\">\n\t\t\t\t\t\tDie Software ist Teil der umfassenden IT-Infrastruktur des Unternehmens. Die Entwicklung einer ma\u00dfgeschneiderten Softwarel\u00f6sung kann viele Arten von Informationsfluss- und Kompatibilit\u00e4tsproblemen l\u00f6sen.\t\t\t\t\t<\/p>\n\t\t\t\t\n\t\t\t<\/div>\n\t\t\t\n\t\t<\/div>\n\t\t\t\t\t\t<\/div>\n\t\t\t\t<\/div>\n\t\t\t\t\t<\/div>\n\t\t<\/div>\n\t\t\t\t<div class=\"elementor-column elementor-col-33 elementor-top-column elementor-element elementor-element-1e5b8d55\" data-id=\"1e5b8d55\" data-element_type=\"column\" data-e-type=\"column\">\n\t\t\t<div class=\"elementor-widget-wrap elementor-element-populated\">\n\t\t\t\t\t\t<div class=\"elementor-element elementor-element-32fd03f2 elementor-view-default elementor-position-block-start elementor-mobile-position-block-start elementor-widget elementor-widget-icon-box\" data-id=\"32fd03f2\" data-element_type=\"widget\" data-e-type=\"widget\" data-widget_type=\"icon-box.default\">\n\t\t\t\t<div class=\"elementor-widget-container\">\n\t\t\t\t\t\t\t<div class=\"elementor-icon-box-wrapper\">\n\n\t\t\t\t\t\t<div class=\"elementor-icon-box-icon\">\n\t\t\t\t<span  class=\"elementor-icon\">\n\t\t\t\t<i aria-hidden=\"true\" class=\"icon icon-trophy\"><\/i>\t\t\t\t<\/span>\n\t\t\t<\/div>\n\t\t\t\n\t\t\t\t\t\t<div class=\"elementor-icon-box-content\">\n\n\t\t\t\t\t\t\t\t\t<h3 class=\"elementor-icon-box-title\">\n\t\t\t\t\t\t<span  >\n\t\t\t\t\t\t\tWettbewerbsvorteil\t\t\t\t\t\t<\/span>\n\t\t\t\t\t<\/h3>\n\t\t\t\t\n\t\t\t\t\t\t\t\t\t<p class=\"elementor-icon-box-description\">\n\t\t\t\t\t\tMa\u00dfgeschneiderte Software l\u00f6st Ihre Gesch\u00e4ftsprobleme und steigert die Effizienz. Die M\u00f6glichkeit der individuellen Anpassung gibt Ihnen auch die M\u00f6glichkeit, von der Konkurrenz zu lernen und Ihre eigene L\u00f6sung effektiver zu gestalten.\t\t\t\t\t<\/p>\n\t\t\t\t\n\t\t\t<\/div>\n\t\t\t\n\t\t<\/div>\n\t\t\t\t\t\t<\/div>\n\t\t\t\t<\/div>\n\t\t\t\t<div class=\"elementor-element elementor-element-44fb8e9a elementor-view-default elementor-position-block-start elementor-mobile-position-block-start elementor-widget elementor-widget-icon-box\" data-id=\"44fb8e9a\" data-element_type=\"widget\" data-e-type=\"widget\" data-widget_type=\"icon-box.default\">\n\t\t\t\t<div class=\"elementor-widget-container\">\n\t\t\t\t\t\t\t<div class=\"elementor-icon-box-wrapper\">\n\n\t\t\t\t\t\t<div class=\"elementor-icon-box-icon\">\n\t\t\t\t<span  class=\"elementor-icon\">\n\t\t\t\t<i aria-hidden=\"true\" class=\"icon icon-consult\"><\/i>\t\t\t\t<\/span>\n\t\t\t<\/div>\n\t\t\t\n\t\t\t\t\t\t<div class=\"elementor-icon-box-content\">\n\n\t\t\t\t\t\t\t\t\t<h3 class=\"elementor-icon-box-title\">\n\t\t\t\t\t\t<span  >\n\t\t\t\t\t\t\tFlexibilit\u00e4t\t\t\t\t\t\t<\/span>\n\t\t\t\t\t<\/h3>\n\t\t\t\t\n\t\t\t\t\t\t\t\t\t<p class=\"elementor-icon-box-description\">\n\t\t\t\t\t\tSie passen Ihr Unternehmen nicht an die Software an, sondern die Software an Ihr Unternehmen. Das bringt ein hohes Ma\u00df an Flexibilit\u00e4t und neue M\u00f6glichkeiten f\u00fcr Ihre Gesch\u00e4ftsprozesse.\t\t\t\t\t<\/p>\n\t\t\t\t\n\t\t\t<\/div>\n\t\t\t\n\t\t<\/div>\n\t\t\t\t\t\t<\/div>\n\t\t\t\t<\/div>\n\t\t\t\t\t<\/div>\n\t\t<\/div>\n\t\t\t\t\t<\/div>\n\t\t<\/section>\n\t\t\t\t<section class=\"elementor-section elementor-top-section elementor-element elementor-element-57c0a7af elementor-section-boxed elementor-section-height-default elementor-section-height-default\" data-id=\"57c0a7af\" data-element_type=\"section\" data-e-type=\"section\">\n\t\t\t\t\t\t<div class=\"elementor-container elementor-column-gap-default\">\n\t\t\t\t\t<div class=\"elementor-column elementor-col-100 elementor-top-column elementor-element elementor-element-4ded8fd1\" data-id=\"4ded8fd1\" data-element_type=\"column\" data-e-type=\"column\">\n\t\t\t<div class=\"elementor-widget-wrap elementor-element-populated\">\n\t\t\t\t\t\t<div class=\"elementor-element elementor-element-310c4f74 elementor-widget elementor-widget-heading\" data-id=\"310c4f74\" data-element_type=\"widget\" data-e-type=\"widget\" data-widget_type=\"heading.default\">\n\t\t\t\t<div class=\"elementor-widget-container\">\n\t\t\t\t\t<h2 class=\"elementor-heading-title elementor-size-default\">Ma\u00dfgeschneiderte Unternehmenssoftware<\/h2>\t\t\t\t<\/div>\n\t\t\t\t<\/div>\n\t\t\t\t<div class=\"elementor-element elementor-element-4e150070 elementor-widget elementor-widget-text-editor\" data-id=\"4e150070\" data-element_type=\"widget\" data-e-type=\"widget\" data-widget_type=\"text-editor.default\">\n\t\t\t\t<div class=\"elementor-widget-container\">\n\t\t\t\t\t\t\t\t\t<p class=\"translation-block\">Vorgefertigte Softwarel\u00f6sungen k\u00f6nnen eine gute L\u00f6sung f\u00fcr Ihr Unternehmen sein. Das Ziel eines jeden Unternehmens ist jedoch Wachstum, und wenn Ihr Unternehmen expandiert, k\u00f6nnen Probleme auftreten, die die Kosten f\u00fcr die Verwaltung und den Betrieb der IT erh\u00f6hen. Daher lohnt sich die Investition in eine ma\u00dfgeschneiderte Software auf lange Sicht eindeutig, auch wenn die oben beschriebenen Vorteile gegeben sind. Die Entwicklung ma\u00dfgeschneiderter Software erm\u00f6glicht es Ihnen, eine Vielzahl von Problemen zu l\u00f6sen, die f\u00fcr Ihr Unternehmen von zentraler Bedeutung sind.\u00a0Wie bei anderen Arten von IT-Dienstleistungen ist es jedoch sehr wichtig, einen erfahrenen Anbieter zu w\u00e4hlen. Bei der Entwicklung ma\u00dfgeschneiderter Software ber\u00fccksichtigen wir nicht nur die technologischen Aspekte, sondern auch die Anforderungen Ihrer Gesch\u00e4ftsprozesse und liefern die Software mit Hilfe modernster agiler Verfahren, so dass sie zu einem nat\u00fcrlichen Bestandteil Ihres Unternehmens wird.<\/p>\t\t\t\t\t\t\t\t<\/div>\n\t\t\t\t<\/div>\n\t\t\t\t\t<\/div>\n\t\t<\/div>\n\t\t\t\t\t<\/div>\n\t\t<\/section>\n\t\t\t\t<\/div>","protected":false},"excerpt":{"rendered":"<p>V\u00fdvoj softv\u00e9ru V\u00fdvoj softv\u00e9ru na mieru v\u00e1\u0161ho podnikania m\u00e1 v\u00fdznamn\u00fd vplyv na va\u0161u spolo\u010dnos\u0165 a prin\u00e1\u0161a do nej mnoho v\u00fdhod. V\u00fdvoj softv\u00e9ru pritom zah\u0155\u0148a nielen v\u00fdvoj webov\u00fdch \u010di softv\u00e9rov\u00fdch aplik\u00e1ci\u00ed, ale aj zoh\u013eadnenie obchodn\u00fdch potrieb a po\u017eiadaviek pou\u017e\u00edvate\u013eov. S vyu\u017eit\u00edm najmodernej\u0161\u00edch agiln\u00fdch postupov je potom v\u00fdsledn\u00fd produkt nosite\u013eom vysokej obchodnej hodnoty. V\u00fdvoj softv\u00e9ru V\u00fdvoj softv\u00e9ru [&hellip;]<\/p>\n","protected":false},"author":1,"featured_media":0,"parent":0,"menu_order":0,"comment_status":"closed","ping_status":"closed","template":"","meta":{"footnotes":""},"class_list":["post-4571","page","type-page","status-publish","hentry"],"_links":{"self":[{"href":"https:\/\/aspecta.sk\/de\/wp-json\/wp\/v2\/pages\/4571","targetHints":{"allow":["GET"]}}],"collection":[{"href":"https:\/\/aspecta.sk\/de\/wp-json\/wp\/v2\/pages"}],"about":[{"href":"https:\/\/aspecta.sk\/de\/wp-json\/wp\/v2\/types\/page"}],"author":[{"embeddable":true,"href":"https:\/\/aspecta.sk\/de\/wp-json\/wp\/v2\/users\/1"}],"replies":[{"embeddable":true,"href":"https:\/\/aspecta.sk\/de\/wp-json\/wp\/v2\/comments?post=4571"}],"version-history":[{"count":3,"href":"https:\/\/aspecta.sk\/de\/wp-json\/wp\/v2\/pages\/4571\/revisions"}],"predecessor-version":[{"id":9370,"href":"https:\/\/aspecta.sk\/de\/wp-json\/wp\/v2\/pages\/4571\/revisions\/9370"}],"wp:attachment":[{"href":"https:\/\/aspecta.sk\/de\/wp-json\/wp\/v2\/media?parent=4571"}],"curies":[{"name":"wp","href":"https:\/\/api.w.org\/{rel}","templated":true}]}}