{"id":4673,"date":"2021-10-12T10:56:13","date_gmt":"2021-10-12T08:56:13","guid":{"rendered":"https:\/\/aspecta.sk\/?page_id=4673"},"modified":"2024-10-19T02:52:31","modified_gmt":"2024-10-19T00:52:31","slug":"automatizacia-a-integracia","status":"publish","type":"page","link":"https:\/\/aspecta.sk\/de\/automatizacia-a-integracia\/","title":{"rendered":"Automatisierung und Integration"},"content":{"rendered":"<div data-elementor-type=\"wp-page\" data-elementor-id=\"4673\" class=\"elementor elementor-4673\">\n\t\t\t\t\t\t<section class=\"elementor-section elementor-top-section elementor-element elementor-element-a3b1f72 elementor-section-height-min-height elementor-section-boxed elementor-section-height-default elementor-section-items-middle\" data-id=\"a3b1f72\" data-element_type=\"section\" data-e-type=\"section\" data-settings=\"{&quot;background_background&quot;:&quot;classic&quot;}\">\n\t\t\t\t\t\t<div class=\"elementor-container elementor-column-gap-default\">\n\t\t\t\t\t<div class=\"elementor-column elementor-col-100 elementor-top-column elementor-element elementor-element-83010d5\" data-id=\"83010d5\" data-element_type=\"column\" data-e-type=\"column\">\n\t\t\t<div class=\"elementor-widget-wrap elementor-element-populated\">\n\t\t\t\t\t\t<div class=\"elementor-element elementor-element-9c554cb elementor-widget elementor-widget-heading\" data-id=\"9c554cb\" data-element_type=\"widget\" data-e-type=\"widget\" data-widget_type=\"heading.default\">\n\t\t\t\t<div class=\"elementor-widget-container\">\n\t\t\t\t\t<h1 class=\"elementor-heading-title elementor-size-default\">Automatisierung und Integration<\/h1>\t\t\t\t<\/div>\n\t\t\t\t<\/div>\n\t\t\t\t\t<\/div>\n\t\t<\/div>\n\t\t\t\t\t<\/div>\n\t\t<\/section>\n\t\t\t\t<section class=\"elementor-section elementor-top-section elementor-element elementor-element-5b819511 elementor-section-boxed elementor-section-height-default elementor-section-height-default\" data-id=\"5b819511\" data-element_type=\"section\" data-e-type=\"section\">\n\t\t\t\t\t\t<div class=\"elementor-container elementor-column-gap-default\">\n\t\t\t\t\t<div class=\"elementor-column elementor-col-100 elementor-top-column elementor-element elementor-element-1c413654\" data-id=\"1c413654\" data-element_type=\"column\" data-e-type=\"column\">\n\t\t\t<div class=\"elementor-widget-wrap elementor-element-populated\">\n\t\t\t\t\t\t<div class=\"elementor-element elementor-element-236a9f0b elementor-widget elementor-widget-text-editor\" data-id=\"236a9f0b\" data-element_type=\"widget\" data-e-type=\"widget\" data-widget_type=\"text-editor.default\">\n\t\t\t\t<div class=\"elementor-widget-container\">\n\t\t\t\t\t\t\t\t\t<p><strong>Mit zunehmender Kompliziertheit der Gesch\u00e4ftsprozesse steigt die Zahl der durch den menschlichen Faktor verursachten Fehler in direktem Verh\u00e4ltnis. Gro\u00dfe Unternehmen verwenden h\u00e4ufig auch verschiedene Software-Tools zur Verwaltung verschiedener Prozesse (z. B. Auftr\u00e4ge, Angebote, Produktion usw.). Dies f\u00fchrt zu Segmentierung, Ineffizienz, Fehleranf\u00e4lligkeit und - bei unerfahrenen Mitarbeitern - zu Missverst\u00e4ndnissen. Durch Integration und Automatisierung lassen sich diese negativen Aspekte weitgehend beseitigen. Es gew\u00e4hrleistet eine genaue und zeitnahe Datenerfassung, Prozesskontrolle und umfassende Prozessoptimierung. Software zur Automatisierung von Gesch\u00e4ftsprozessen und die Entwicklung von Anwendungen, die diese Prozesse an einem Ort integrieren, k\u00f6nnen einen erheblichen Mehrwert f\u00fcr ein Unternehmen darstellen.<\/strong><\/p>\t\t\t\t\t\t\t\t<\/div>\n\t\t\t\t<\/div>\n\t\t\t\t\t<\/div>\n\t\t<\/div>\n\t\t\t\t\t<\/div>\n\t\t<\/section>\n\t\t\t\t<section class=\"elementor-section elementor-top-section elementor-element elementor-element-6dc9ad59 elementor-section-boxed elementor-section-height-default elementor-section-height-default\" data-id=\"6dc9ad59\" data-element_type=\"section\" data-e-type=\"section\">\n\t\t\t\t\t\t<div class=\"elementor-container elementor-column-gap-default\">\n\t\t\t\t\t<div class=\"elementor-column elementor-col-100 elementor-top-column elementor-element elementor-element-2f86efe9\" data-id=\"2f86efe9\" data-element_type=\"column\" data-e-type=\"column\">\n\t\t\t<div class=\"elementor-widget-wrap elementor-element-populated\">\n\t\t\t\t\t\t<div class=\"elementor-element elementor-element-27dcc75 elementor-widget elementor-widget-heading\" data-id=\"27dcc75\" data-element_type=\"widget\" data-e-type=\"widget\" data-widget_type=\"heading.default\">\n\t\t\t\t<div class=\"elementor-widget-container\">\n\t\t\t\t\t<h2 class=\"elementor-heading-title elementor-size-default\">Automatisierung vs. Integration<\/h2>\t\t\t\t<\/div>\n\t\t\t\t<\/div>\n\t\t\t\t<div class=\"elementor-element elementor-element-1e8b7a00 elementor-widget elementor-widget-text-editor\" data-id=\"1e8b7a00\" data-element_type=\"widget\" data-e-type=\"widget\" data-widget_type=\"text-editor.default\">\n\t\t\t\t<div class=\"elementor-widget-container\">\n\t\t\t\t\t\t\t\t\t<p><strong>Automatiz\u00e1cia, <\/strong>v najv\u0161eobecnej\u0161om zmysle slova, sa zameriava na zn\u00ed\u017eenie n\u00e1kladov na pracovn\u00fa silu, v ide\u00e1lnom pr\u00edpade dokonca na ich \u00fapln\u00e9 odstr\u00e1nenie. Automatiza\u010dn\u00e9 projekty odstra\u0148uj\u00fa manu\u00e1lne vstupn\u00e9 mechanizmy a nahr\u00e1dzaj\u00fa ich automatizovan\u00fdmi procesmi. Tie dok\u00e1\u017eu u\u0161etri\u0165 mno\u017estvo \u010dasu pri stereotypn\u00fdch \u010dinnostiach, ako je napr\u00edklad zad\u00e1vanie objedn\u00e1vok, faktur\u00e1cia \u010di vyp\u013a\u0148anie formul\u00e1rov. <a href=\"https:\/\/www.vmware.com\/topics\/glossary\/content\/it-automation\" target=\"_blank\" rel=\"noopener\">V\u00a0IT sa automatiz\u00e1cia via\u017ee na proces v\u00fdvoja softv\u00e9ru a syst\u00e9mov<\/a>, ktor\u00e9 dok\u00e1\u017eu vykon\u00e1va\u0165 opakovate\u013en\u00e9 procesy a\u00a0obmedzi\u0165 nutnos\u0165 manu\u00e1lnych \u010dinnost\u00ed. Softv\u00e9r sa pou\u017e\u00edva na nastavenie a opakovanie pokynov, procesov alebo polit\u00edk, ktor\u00e9 \u0161etria \u010das a uvo\u013e\u0148uj\u00fa zamestnancov IT pre strategickej\u0161iu pr\u00e1cu. S n\u00e1rastom virtu\u00e1lnych siet\u00ed a cloudov\u00fdch slu\u017eieb, ktor\u00e9 vy\u017eaduj\u00fa r\u00fdchle a komplexn\u00e9 zria\u010fovanie, je automatiz\u00e1cia nenahradite\u013enou s\u00fa\u010das\u0165ou digit\u00e1lnej transform\u00e1cie.<\/p><p class=\"translation-block\">Integration hingegen ist die Weitergabe von Daten von einer Software an eine andere. Die Integration soll also die Abteilungen mithilfe von Technologie \"n\u00e4her zusammenbringen\". In einigen F\u00e4llen kann dies bedeuten, dass verschiedene Abteilungen vollst\u00e4ndig zusammengelegt werden, um ein gr\u00f6\u00dferes Kundendienstteam zu schaffen. Kurz gesagt, zielen Integrationsprojekte darauf ab, Daten zu nehmen und sie in die n\u00e4chste Software zu verschieben, wo ein Bediener sie verwertet, und sie dann wieder in die n\u00e4chste Software zu verschieben. Integration ist auch der Schl\u00fcssel zur digitalen Transformation des Unternehmens, denn in der IT ist alles miteinander verbunden. Die Integration schafft auch einen Mehrwert durch die neuen Funktionen, die durch die Verkn\u00fcpfung verschiedener Systeme entstehen.<\/p>\t\t\t\t\t\t\t\t<\/div>\n\t\t\t\t<\/div>\n\t\t\t\t\t<\/div>\n\t\t<\/div>\n\t\t\t\t\t<\/div>\n\t\t<\/section>\n\t\t\t\t<section class=\"elementor-section elementor-top-section elementor-element elementor-element-78fd4d9 elementor-section-boxed elementor-section-height-default elementor-section-height-default\" data-id=\"78fd4d9\" data-element_type=\"section\" data-e-type=\"section\" data-settings=\"{&quot;background_background&quot;:&quot;classic&quot;}\">\n\t\t\t\t\t\t<div class=\"elementor-container elementor-column-gap-default\">\n\t\t\t\t\t<div class=\"elementor-column elementor-col-100 elementor-top-column elementor-element elementor-element-2b4a0b9\" data-id=\"2b4a0b9\" data-element_type=\"column\" data-e-type=\"column\">\n\t\t\t<div class=\"elementor-widget-wrap elementor-element-populated\">\n\t\t\t\t\t\t<div class=\"elementor-element elementor-element-917d2b8 elementor-widget elementor-widget-heading\" data-id=\"917d2b8\" data-element_type=\"widget\" data-e-type=\"widget\" data-widget_type=\"heading.default\">\n\t\t\t\t<div class=\"elementor-widget-container\">\n\t\t\t\t\t<h2 class=\"elementor-heading-title elementor-size-default\">Automatisierung und Integration und ihre Vorteile<\/h2>\t\t\t\t<\/div>\n\t\t\t\t<\/div>\n\t\t\t\t\t<\/div>\n\t\t<\/div>\n\t\t\t\t\t<\/div>\n\t\t<\/section>\n\t\t\t\t<section class=\"elementor-section elementor-top-section elementor-element elementor-element-6d46a99 elementor-section-full_width elementor-section-height-default elementor-section-height-default\" data-id=\"6d46a99\" data-element_type=\"section\" data-e-type=\"section\" data-settings=\"{&quot;background_background&quot;:&quot;classic&quot;}\">\n\t\t\t\t\t\t\t<div class=\"elementor-background-overlay\"><\/div>\n\t\t\t\t\t\t\t<div class=\"elementor-container elementor-column-gap-default\">\n\t\t\t\t\t<div class=\"elementor-column elementor-col-33 elementor-top-column elementor-element elementor-element-46fad893\" data-id=\"46fad893\" data-element_type=\"column\" data-e-type=\"column\">\n\t\t\t<div class=\"elementor-widget-wrap elementor-element-populated\">\n\t\t\t\t\t\t<div class=\"elementor-element elementor-element-78b88809 elementor-view-default elementor-position-block-start elementor-mobile-position-block-start elementor-widget elementor-widget-icon-box\" data-id=\"78b88809\" data-element_type=\"widget\" data-e-type=\"widget\" data-widget_type=\"icon-box.default\">\n\t\t\t\t<div class=\"elementor-widget-container\">\n\t\t\t\t\t\t\t<div class=\"elementor-icon-box-wrapper\">\n\n\t\t\t\t\t\t<div class=\"elementor-icon-box-icon\">\n\t\t\t\t<span  class=\"elementor-icon\">\n\t\t\t\t<i aria-hidden=\"true\" class=\"icon icon-Speed-Clock\"><\/i>\t\t\t\t<\/span>\n\t\t\t<\/div>\n\t\t\t\n\t\t\t\t\t\t<div class=\"elementor-icon-box-content\">\n\n\t\t\t\t\t\t\t\t\t<h3 class=\"elementor-icon-box-title\">\n\t\t\t\t\t\t<span  >\n\t\t\t\t\t\t\tGenaue und rechtzeitige Datenerfassung\t\t\t\t\t\t<\/span>\n\t\t\t\t\t<\/h3>\n\t\t\t\t\n\t\t\t\t\t\t\t\t\t<p class=\"elementor-icon-box-description\">\n\t\t\t\t\t\tVerbesserte Datenerfassung und optimierte Prozesse f\u00fcr eine datengest\u00fctzte Entscheidungsfindung.\t\t\t\t\t<\/p>\n\t\t\t\t\n\t\t\t<\/div>\n\t\t\t\n\t\t<\/div>\n\t\t\t\t\t\t<\/div>\n\t\t\t\t<\/div>\n\t\t\t\t<div class=\"elementor-element elementor-element-7677cc14 elementor-view-default elementor-position-block-start elementor-mobile-position-block-start elementor-widget elementor-widget-icon-box\" data-id=\"7677cc14\" data-element_type=\"widget\" data-e-type=\"widget\" data-widget_type=\"icon-box.default\">\n\t\t\t\t<div class=\"elementor-widget-container\">\n\t\t\t\t\t\t\t<div class=\"elementor-icon-box-wrapper\">\n\n\t\t\t\t\t\t<div class=\"elementor-icon-box-icon\">\n\t\t\t\t<span  class=\"elementor-icon\">\n\t\t\t\t<i aria-hidden=\"true\" class=\"icon icon-handshake\"><\/i>\t\t\t\t<\/span>\n\t\t\t<\/div>\n\t\t\t\n\t\t\t\t\t\t<div class=\"elementor-icon-box-content\">\n\n\t\t\t\t\t\t\t\t\t<h3 class=\"elementor-icon-box-title\">\n\t\t\t\t\t\t<span  >\n\t\t\t\t\t\t\tBessere Kundenerfahrung\t\t\t\t\t\t<\/span>\n\t\t\t\t\t<\/h3>\n\t\t\t\t\n\t\t\t\t\t\t\t\t\t<p class=\"elementor-icon-box-description\">\n\t\t\t\t\t\tBessere Konsistenz Ihrer Dienstleistungen, schnellere Reaktionszeiten und m\u00f6gliche Kostensenkungen.\t\t\t\t\t<\/p>\n\t\t\t\t\n\t\t\t<\/div>\n\t\t\t\n\t\t<\/div>\n\t\t\t\t\t\t<\/div>\n\t\t\t\t<\/div>\n\t\t\t\t\t<\/div>\n\t\t<\/div>\n\t\t\t\t<div class=\"elementor-column elementor-col-33 elementor-top-column elementor-element elementor-element-2664eb2\" data-id=\"2664eb2\" data-element_type=\"column\" data-e-type=\"column\">\n\t\t\t<div class=\"elementor-widget-wrap elementor-element-populated\">\n\t\t\t\t\t\t<div class=\"elementor-element elementor-element-2991fa18 elementor-view-default elementor-position-block-start elementor-mobile-position-block-start elementor-widget elementor-widget-icon-box\" data-id=\"2991fa18\" data-element_type=\"widget\" data-e-type=\"widget\" data-widget_type=\"icon-box.default\">\n\t\t\t\t<div class=\"elementor-widget-container\">\n\t\t\t\t\t\t\t<div class=\"elementor-icon-box-wrapper\">\n\n\t\t\t\t\t\t<div class=\"elementor-icon-box-icon\">\n\t\t\t\t<span  class=\"elementor-icon\">\n\t\t\t\t<i aria-hidden=\"true\" class=\"icon icon-bar-chart\"><\/i>\t\t\t\t<\/span>\n\t\t\t<\/div>\n\t\t\t\n\t\t\t\t\t\t<div class=\"elementor-icon-box-content\">\n\n\t\t\t\t\t\t\t\t\t<h3 class=\"elementor-icon-box-title\">\n\t\t\t\t\t\t<span  >\n\t\t\t\t\t\t\tGeringere Ausfallzeiten und h\u00f6here Leistung\t\t\t\t\t\t<\/span>\n\t\t\t\t\t<\/h3>\n\t\t\t\t\n\t\t\t\t\t\t\t\t\t<p class=\"elementor-icon-box-description\">\n\t\t\t\t\t\tAutomatische Softwarepr\u00fcfungen und -anpassungen f\u00fchren zu effizienteren Arbeitsabl\u00e4ufen.\t\t\t\t\t<\/p>\n\t\t\t\t\n\t\t\t<\/div>\n\t\t\t\n\t\t<\/div>\n\t\t\t\t\t\t<\/div>\n\t\t\t\t<\/div>\n\t\t\t\t<div class=\"elementor-element elementor-element-1cb72b0 elementor-view-default elementor-position-block-start elementor-mobile-position-block-start elementor-widget elementor-widget-icon-box\" data-id=\"1cb72b0\" data-element_type=\"widget\" data-e-type=\"widget\" data-widget_type=\"icon-box.default\">\n\t\t\t\t<div class=\"elementor-widget-container\">\n\t\t\t\t\t\t\t<div class=\"elementor-icon-box-wrapper\">\n\n\t\t\t\t\t\t<div class=\"elementor-icon-box-icon\">\n\t\t\t\t<span  class=\"elementor-icon\">\n\t\t\t\t<i aria-hidden=\"true\" class=\"icon icon-trophy\"><\/i>\t\t\t\t<\/span>\n\t\t\t<\/div>\n\t\t\t\n\t\t\t\t\t\t<div class=\"elementor-icon-box-content\">\n\n\t\t\t\t\t\t\t\t\t<h3 class=\"elementor-icon-box-title\">\n\t\t\t\t\t\t<span  >\n\t\t\t\t\t\t\tWettbewerbsvorteil\t\t\t\t\t\t<\/span>\n\t\t\t\t\t<\/h3>\n\t\t\t\t\n\t\t\t\t\t\t\t\t\t<p class=\"elementor-icon-box-description\">\n\t\t\t\t\t\tVerbessert das Benutzererlebnis f\u00fcr die Kunden und hat langfristige Vorteile in Form von erh\u00f6htem Markenwert und Loyalit\u00e4t. \t\t\t\t\t<\/p>\n\t\t\t\t\n\t\t\t<\/div>\n\t\t\t\n\t\t<\/div>\n\t\t\t\t\t\t<\/div>\n\t\t\t\t<\/div>\n\t\t\t\t\t<\/div>\n\t\t<\/div>\n\t\t\t\t<div class=\"elementor-column elementor-col-33 elementor-top-column elementor-element elementor-element-1e5b8d55\" data-id=\"1e5b8d55\" data-element_type=\"column\" data-e-type=\"column\">\n\t\t\t<div class=\"elementor-widget-wrap elementor-element-populated\">\n\t\t\t\t\t\t<div class=\"elementor-element elementor-element-32fd03f2 elementor-view-default elementor-position-block-start elementor-mobile-position-block-start elementor-widget elementor-widget-icon-box\" data-id=\"32fd03f2\" data-element_type=\"widget\" data-e-type=\"widget\" data-widget_type=\"icon-box.default\">\n\t\t\t\t<div class=\"elementor-widget-container\">\n\t\t\t\t\t\t\t<div class=\"elementor-icon-box-wrapper\">\n\n\t\t\t\t\t\t<div class=\"elementor-icon-box-icon\">\n\t\t\t\t<span  class=\"elementor-icon\">\n\t\t\t\t<i aria-hidden=\"true\" class=\"icon icon-cloud-1\"><\/i>\t\t\t\t<\/span>\n\t\t\t<\/div>\n\t\t\t\n\t\t\t\t\t\t<div class=\"elementor-icon-box-content\">\n\n\t\t\t\t\t\t\t\t\t<h3 class=\"elementor-icon-box-title\">\n\t\t\t\t\t\t<span  >\n\t\t\t\t\t\t\tOptimierte Softwarenutzung \t\t\t\t\t\t<\/span>\n\t\t\t\t\t<\/h3>\n\t\t\t\t\n\t\t\t\t\t\t\t\t\t<p class=\"elementor-icon-box-description\">\n\t\t\t\t\t\tDurch die Beseitigung von Verz\u00f6gerungen, die durch nicht verf\u00fcgbare Operatoren verursacht werden, und die Integration der einzelnen Systeme wird eine Prozessoptimierung erreicht.\t\t\t\t\t<\/p>\n\t\t\t\t\n\t\t\t<\/div>\n\t\t\t\n\t\t<\/div>\n\t\t\t\t\t\t<\/div>\n\t\t\t\t<\/div>\n\t\t\t\t<div class=\"elementor-element elementor-element-44fb8e9a elementor-view-default elementor-position-block-start elementor-mobile-position-block-start elementor-widget elementor-widget-icon-box\" data-id=\"44fb8e9a\" data-element_type=\"widget\" data-e-type=\"widget\" data-widget_type=\"icon-box.default\">\n\t\t\t\t<div class=\"elementor-widget-container\">\n\t\t\t\t\t\t\t<div class=\"elementor-icon-box-wrapper\">\n\n\t\t\t\t\t\t<div class=\"elementor-icon-box-icon\">\n\t\t\t\t<span  class=\"elementor-icon\">\n\t\t\t\t<i aria-hidden=\"true\" class=\"icon icon-save-money\"><\/i>\t\t\t\t<\/span>\n\t\t\t<\/div>\n\t\t\t\n\t\t\t\t\t\t<div class=\"elementor-icon-box-content\">\n\n\t\t\t\t\t\t\t\t\t<h3 class=\"elementor-icon-box-title\">\n\t\t\t\t\t\t<span  >\n\t\t\t\t\t\t\tKosteneinsparungen und h\u00f6here Gewinne\t\t\t\t\t\t<\/span>\n\t\t\t\t\t<\/h3>\n\t\t\t\t\n\t\t\t\t\t\t\t\t\t<p class=\"elementor-icon-box-description\">\n\t\t\t\t\t\tDie Ressourcen k\u00f6nnen anderweitig eingesetzt werden, was die Arbeitsabl\u00e4ufe verbessert und die Genauigkeit und Konsistenz der Vorg\u00e4nge erh\u00f6ht.\t\t\t\t\t<\/p>\n\t\t\t\t\n\t\t\t<\/div>\n\t\t\t\n\t\t<\/div>\n\t\t\t\t\t\t<\/div>\n\t\t\t\t<\/div>\n\t\t\t\t\t<\/div>\n\t\t<\/div>\n\t\t\t\t\t<\/div>\n\t\t<\/section>\n\t\t\t\t<section class=\"elementor-section elementor-top-section elementor-element elementor-element-57c0a7af elementor-section-boxed elementor-section-height-default elementor-section-height-default\" data-id=\"57c0a7af\" data-element_type=\"section\" data-e-type=\"section\">\n\t\t\t\t\t\t<div class=\"elementor-container elementor-column-gap-default\">\n\t\t\t\t\t<div class=\"elementor-column elementor-col-100 elementor-top-column elementor-element elementor-element-4ded8fd1\" data-id=\"4ded8fd1\" data-element_type=\"column\" data-e-type=\"column\">\n\t\t\t<div class=\"elementor-widget-wrap elementor-element-populated\">\n\t\t\t\t\t\t<div class=\"elementor-element elementor-element-310c4f74 elementor-widget elementor-widget-heading\" data-id=\"310c4f74\" data-element_type=\"widget\" data-e-type=\"widget\" data-widget_type=\"heading.default\">\n\t\t\t\t<div class=\"elementor-widget-container\">\n\t\t\t\t\t<h2 class=\"elementor-heading-title elementor-size-default\">Automatisierung und Integration von Unternehmenssystemen<\/h2>\t\t\t\t<\/div>\n\t\t\t\t<\/div>\n\t\t\t\t<div class=\"elementor-element elementor-element-4e150070 elementor-widget elementor-widget-text-editor\" data-id=\"4e150070\" data-element_type=\"widget\" data-e-type=\"widget\" data-widget_type=\"text-editor.default\">\n\t\t\t\t<div class=\"elementor-widget-container\">\n\t\t\t\t\t\t\t\t\t<p>Automatisierung und Integration in der Wirtschaft sind heute mehr oder weniger eine Notwendigkeit. Gerade in gro\u00dfen Unternehmen, die mit vielen Verwaltungsaufgaben und stereotypen Arbeitsabl\u00e4ufen belastet sind, k\u00f6nnen Automatisierungs- und Integrationsans\u00e4tze einen hohen Mehrwert f\u00fcr Mitarbeiter, Kunden und letztlich f\u00fcr die gesamte Organisation bringen. Aspecta verf\u00fcgt \u00fcber umfangreiche Erfahrung in der Gestaltung und Implementierung solcher Prozesse und Systeme. Sprechen Sie uns an, wir automatisieren Ihre Prozesse und integrieren die von Ihnen genutzten Softwarel\u00f6sungen, damit eine solche Investition zu Kosteneinsparungen, effizienteren Arbeitsabl\u00e4ufen und einer erfolgreichen digitalen Transformation Ihres Unternehmens f\u00fchrt. <a href=\"https:\/\/aspecta.sk\/de\/pripadove-studie\/\">bohat\u00e9 sk\u00fasenosti s n\u00e1vrhom a implement\u00e1ciou tak\u00fdchto postupov a syst\u00e9mov<\/a>. Nev\u00e1hajte n\u00e1s oslovi\u0165, zautomatizujeme va\u0161e procesy a integrujeme pou\u017e\u00edvan\u00e9 softv\u00e9rov\u00e9 rie\u0161enia, aby tak\u00e1to invest\u00edcia viedla k \u00faspore n\u00e1kladov, zv\u00fd\u0161enej efektivite pracovn\u00e9ho toku a \u00faspe\u0161nej digit\u00e1lnej transform\u00e1cii v\u00e1\u0161ho podnikania.&nbsp;<\/p>\n<p><\/p>\t\t\t\t\t\t\t\t<\/div>\n\t\t\t\t<\/div>\n\t\t\t\t\t<\/div>\n\t\t<\/div>\n\t\t\t\t\t<\/div>\n\t\t<\/section>\n\t\t\t\t<\/div>","protected":false},"excerpt":{"rendered":"<p>Automatiz\u00e1cia a integr\u00e1cia S rast\u00facou komplexnos\u0165ou podnikov\u00fdch procesov sa priamo \u00famerne zvy\u0161uje aj mno\u017estvo ch\u00fdb sp\u00f4soben\u00fdch \u013eudsk\u00fdm faktorom. Ve\u013ek\u00e9 organiz\u00e1cie taktie\u017e \u010dasto vyu\u017e\u00edvaj\u00fa na riadenie r\u00f4znych procesov (napr. objedn\u00e1vky, cenov\u00e9 ponuky, v\u00fdroba a pod.) r\u00f4zne softv\u00e9rov\u00e9 n\u00e1stroje. To vedie k ich segment\u00e1cii, neefekt\u00edvnosti, n\u00e1chylnosti k chyb\u00e1m a pre nesk\u00fasen\u00fdch zamestnancov aj k nepochopeniu. Integr\u00e1cia a [&hellip;]<\/p>\n","protected":false},"author":1,"featured_media":0,"parent":0,"menu_order":0,"comment_status":"closed","ping_status":"closed","template":"","meta":{"footnotes":""},"class_list":["post-4673","page","type-page","status-publish","hentry"],"_links":{"self":[{"href":"https:\/\/aspecta.sk\/de\/wp-json\/wp\/v2\/pages\/4673","targetHints":{"allow":["GET"]}}],"collection":[{"href":"https:\/\/aspecta.sk\/de\/wp-json\/wp\/v2\/pages"}],"about":[{"href":"https:\/\/aspecta.sk\/de\/wp-json\/wp\/v2\/types\/page"}],"author":[{"embeddable":true,"href":"https:\/\/aspecta.sk\/de\/wp-json\/wp\/v2\/users\/1"}],"replies":[{"embeddable":true,"href":"https:\/\/aspecta.sk\/de\/wp-json\/wp\/v2\/comments?post=4673"}],"version-history":[{"count":3,"href":"https:\/\/aspecta.sk\/de\/wp-json\/wp\/v2\/pages\/4673\/revisions"}],"predecessor-version":[{"id":9376,"href":"https:\/\/aspecta.sk\/de\/wp-json\/wp\/v2\/pages\/4673\/revisions\/9376"}],"wp:attachment":[{"href":"https:\/\/aspecta.sk\/de\/wp-json\/wp\/v2\/media?parent=4673"}],"curies":[{"name":"wp","href":"https:\/\/api.w.org\/{rel}","templated":true}]}}