{"id":1902,"date":"2021-08-03T12:23:59","date_gmt":"2021-08-03T10:23:59","guid":{"rendered":"https:\/\/aspecta.sk\/?page_id=1902"},"modified":"2022-09-18T13:19:51","modified_gmt":"2022-09-18T11:19:51","slug":"zasady-ochrany-osobnych-udajov","status":"publish","type":"page","link":"https:\/\/aspecta.sk\/en\/zasady-ochrany-osobnych-udajov\/","title":{"rendered":"Privacy Policy"},"content":{"rendered":"<div data-elementor-type=\"wp-page\" data-elementor-id=\"1902\" class=\"elementor elementor-1902\">\n\t\t\t\t\t\t<section class=\"elementor-section elementor-top-section elementor-element elementor-element-2b1c3e80 elementor-section-boxed elementor-section-height-default elementor-section-height-default\" data-id=\"2b1c3e80\" data-element_type=\"section\" data-e-type=\"section\">\n\t\t\t\t\t\t<div class=\"elementor-container elementor-column-gap-default\">\n\t\t\t\t\t<div class=\"elementor-column elementor-col-100 elementor-top-column elementor-element elementor-element-75815bed\" data-id=\"75815bed\" data-element_type=\"column\" data-e-type=\"column\">\n\t\t\t<div class=\"elementor-widget-wrap elementor-element-populated\">\n\t\t\t\t\t\t<div class=\"elementor-element elementor-element-1c9e7f17 elementor-widget elementor-widget-text-editor\" data-id=\"1c9e7f17\" data-element_type=\"widget\" data-e-type=\"widget\" data-widget_type=\"text-editor.default\">\n\t\t\t\t<div class=\"elementor-widget-container\">\n\t\t\t\t\t\t\t\t\t\n<h3>Cookie Policy<\/h3>\n<div>This Cookie Policy explains what cookies are and how we use them, the types of cookies we use, i.e. the information we collect using cookies and how that information is used, and how to control cookie preferences. For more information about how we use, store and keep your personal information secure, please see our\u00a0<a href=\"https:\/\/aspecta.sk\/en\/zasady-ochrany-osobnych-udajov\/\">Privacy Policy<\/a>.<\/div>\n<div>\u00a0<\/div>\n<div>You can change or withdraw your consent to the Cookie Policy on our website at any time.<\/div>\n<div>\u00a0<\/div>\n<div class=\"translation-block\">More about who we are, how you can contact us, and how we process personal data can be found in our <a href=\"https:\/\/aspecta.sk\/en\/zasady-ochrany-osobnych-udajov\/\" target=\"_blank\" rel=\"noopener\">Privacy Policy<\/a>.<\/div>\n<div>\u00a0<\/div>\n<div>Your consent applies to the following domains: aspecta.sk\n<div class=\"cli_user_consent_state\">Your current status: consent accepted.\u00a0<a class=\"cli_manage_current_consent\">Manage your consent.<\/a><\/div>\n<\/div>\n<h3>What are cookies?<\/h3>\n<div>Cookies are small text files that are used to store small pieces of information. They are stored on your device when a website loads in your browser. These cookies help us to function properly, improve security, provide a better user experience and understand how the website works and analyse what works and where improvements need to be made.<\/div>\n<h3>How do we use cookies ?<\/h3>\n<div>Like most online services, our website uses first-party and third-party cookies for a number of purposes. First party cookies are mostly necessary for the website to function properly and do not collect any of your personal information.Third party cookies used on our website are mainly used to understand how the website works, how you interact with our website, to provide our services, to provide ads that are relevant to you, and overall to provide a better and improved user experience and help speed up your future interactions with our website.<\/div>\n<h3>What types of cookies do we use?<\/h3>\n<div>Inevitable: Some cookies are necessary for you to enjoy the full functionality of our site. They allow us to maintain user sessions and prevent any security threats. They do not collect or store any personal data. For example, these cookies allow you to log in to your account and add products to your cart and pay securely.Statistics:These cookies store information such as the number of visitors to the website, the number of unique visitors, which pages of the website were visited, the source of the visit, etc. This data helps us understand and analyze the performance of the website. and where it needs improvement.Functional: These are cookies that help certain non-essential features on our website. These functions include embedding content such as videos or sharing website content on social media platforms.Preferences: these cookies help us store your browsing settings and preferences, such as language preferences, so that you have a better and more efficient experience on future visits to the website.\n<table class=\"cookielawinfo-row-cat-table cookielawinfo-classic\">\n<thead>\n<tr>\n<th class=\"cookielawinfo-column-1\">COOKIE<\/th>\n<th class=\"cookielawinfo-column-2\">TYPE<\/th>\n<th class=\"cookielawinfo-column-3\">DURATION<\/th>\n<th class=\"cookielawinfo-column-4\">DESCRIPTION<\/th>\n<\/tr>\n<\/thead>\n<tbody>\n<tr class=\"cookielawinfo-row\">\n<td class=\"cookielawinfo-column-1\">_ga<\/td>\n<td class=\"cookielawinfo-column-2\">\u00a0<\/td>\n<td class=\"cookielawinfo-column-3\">2 years<\/td>\n<td class=\"cookielawinfo-column-4\">The _ga cookie, installed by Google Analytics, calculates visitor, session and campaign data and also keeps track of site usage for the site's analytics report. The cookie stores information anonymously and assigns a randomly generated number to recognize unique visitors.<\/td>\n<\/tr>\n<tr class=\"cookielawinfo-row\">\n<td class=\"cookielawinfo-column-1\">_ga_09JETRZZS4<\/td>\n<td class=\"cookielawinfo-column-2\">\u00a0<\/td>\n<td class=\"cookielawinfo-column-3\">2 years<\/td>\n<td class=\"cookielawinfo-column-4\">This cookie is installed by Google Analytics.<\/td>\n<\/tr>\n<tr class=\"cookielawinfo-row\">\n<td class=\"cookielawinfo-column-1\">_gat_gtag_UA_203109869_1<\/td>\n<td class=\"cookielawinfo-column-2\">\u00a0<\/td>\n<td class=\"cookielawinfo-column-3\">1 minute<\/td>\n<td class=\"cookielawinfo-column-4\">Set by Google to distinguish users.<\/td>\n<\/tr>\n<tr class=\"cookielawinfo-row\">\n<td class=\"cookielawinfo-column-1\">_gid<\/td>\n<td class=\"cookielawinfo-column-2\">\u00a0<\/td>\n<td class=\"cookielawinfo-column-3\">1 day<\/td>\n<td class=\"cookielawinfo-column-4\">Installed by Google Analytics, _gid cookie stores information on how visitors use a website, while also creating an analytics report of the website's performance. Some of the data that are collected include the number of visitors, their source, and the pages they visit anonymously.<\/td>\n<\/tr>\n<tr class=\"cookielawinfo-row\">\n<td class=\"cookielawinfo-column-1\">cookielawinfo-checkbox-advertisement<\/td>\n<td class=\"cookielawinfo-column-2\">\u00a0<\/td>\n<td class=\"cookielawinfo-column-3\">1 year<\/td>\n<td class=\"cookielawinfo-column-4\">Set by the GDPR Cookie Consent plugin, this cookie is used to record the user consent for the cookies in the \"Advertisement\" category .<\/td>\n<\/tr>\n<tr class=\"cookielawinfo-row\">\n<td class=\"cookielawinfo-column-1\">cookielawinfo-checkbox-analytics<\/td>\n<td class=\"cookielawinfo-column-2\">0<\/td>\n<td class=\"cookielawinfo-column-3\">11 months<\/td>\n<td class=\"cookielawinfo-column-4\">This cookie is set by GDPR Cookie Consent plugin. The cookie is used to store the user consent for the cookies in the category \"Analytics\".<\/td>\n<\/tr>\n<tr class=\"cookielawinfo-row\">\n<td class=\"cookielawinfo-column-1\">cookielawinfo-checkbox-functional<\/td>\n<td class=\"cookielawinfo-column-2\">0<\/td>\n<td class=\"cookielawinfo-column-3\">11 months<\/td>\n<td class=\"cookielawinfo-column-4\">The cookie is set by GDPR cookie consent to record the user consent for the cookies in the category \"Functional\".<\/td>\n<\/tr>\n<tr class=\"cookielawinfo-row\">\n<td class=\"cookielawinfo-column-1\">cookielawinfo-checkbox-necessary<\/td>\n<td class=\"cookielawinfo-column-2\">0<\/td>\n<td class=\"cookielawinfo-column-3\">11 months<\/td>\n<td class=\"cookielawinfo-column-4\">This cookie is set by GDPR Cookie Consent plugin. The cookies is used to store the user consent for the cookies in the category \"Necessary\".<\/td>\n<\/tr>\n<tr class=\"cookielawinfo-row\">\n<td class=\"cookielawinfo-column-1\">cookielawinfo-checkbox-others<\/td>\n<td class=\"cookielawinfo-column-2\">0<\/td>\n<td class=\"cookielawinfo-column-3\">11 months<\/td>\n<td class=\"cookielawinfo-column-4\">This cookie is set by GDPR Cookie Consent plugin. The cookie is used to store the user consent for the cookies in the category \"Other.<\/td>\n<\/tr>\n<tr class=\"cookielawinfo-row\">\n<td class=\"cookielawinfo-column-1\">cookielawinfo-checkbox-performance<\/td>\n<td class=\"cookielawinfo-column-2\">0<\/td>\n<td class=\"cookielawinfo-column-3\">11 months<\/td>\n<td class=\"cookielawinfo-column-4\">This cookie is set by GDPR Cookie Consent plugin. The cookie is used to store the user consent for the cookies in the category \"Performance\".<\/td>\n<\/tr>\n<tr class=\"cookielawinfo-row\">\n<td class=\"cookielawinfo-column-1\">CookieLawInfoConsent<\/td>\n<td class=\"cookielawinfo-column-2\">\u00a0<\/td>\n<td class=\"cookielawinfo-column-3\">1 year<\/td>\n<td class=\"cookielawinfo-column-4\">Records the default button state of the corresponding category &amp; the status of CCPA. It works only in coordination with the primary cookie.<\/td>\n<\/tr>\n<tr class=\"cookielawinfo-row\">\n<td class=\"cookielawinfo-column-1\">viewed_cookie_policy<\/td>\n<td class=\"cookielawinfo-column-2\">0<\/td>\n<td class=\"cookielawinfo-column-3\">11 months<\/td>\n<td class=\"cookielawinfo-column-4\">The cookie is set by the GDPR Cookie Consent plugin and is used to store whether or not user has consented to the use of cookies. It does not store any personal data.<\/td>\n<\/tr>\n<\/tbody>\n<\/table>\n<\/div>\n<h3>How can I control cookie preferences?<\/h3>\n<div>If you later decide to change your preferences during your browsing session, you can click on the \"Privacy and Cookie Policy\" tab on your screen. This will again display a consent notice that allows you to change your preferences or withdraw your consent completely.In addition, different browsers provide different ways of blocking and removing cookies used by websites. You can change your browser settings to block\/delete cookies. To learn more about how to manage and delete cookies, visit wikipedia.org, www.allaboutcookies.org.<\/div>\n<h3>Consent to the processing of personal data<\/h3>\n<p>(hereinafter referred to as \"Consent\")<\/p>\n<p>pursuant to Section 13(1)(a) and Act No. 18\/2018 on the Protection of Personal Data and on Amendments and Additions to Certain Acts, as amended<\/p>\n<p>(hereinafter referred to as \"the Act\")<\/p>\n<p><strong>1. Purpose of disclosure of personal data<\/strong><\/p>\n<p>The personal data provided (e-mail address, telephone number, first name, last name, company name) will be used to send news about ASPECTA,s.r.o., such as articles or information about new services. As well as to contact you back by email, phone calls, SMS or other equivalent forms of electronic communication such as mobile app notifications regarding updates or informative communications related to features, products or contractual services, including security updates when necessary or appropriate to implement them. Personal data is further transmitted and processed in Mailchimp. It may also be stored in a list. The time limit for erasure of personal data is 5 years.<\/p>\n<p><strong>2. You provide personal data to the company:<\/strong><\/p>\n<p>Business name: ASPECTA, s.r.o.<\/p>\n<p>\u010cere\u0161\u0148ov\u00e1 28, 036 58 Trnava, Slovak republic<\/p>\n<p>I\u010c: 45919887; DI\u010c: 2023146026; I\u010c DPHSK: 2023146026<\/p>\n<p>If you have any questions about privacy policy, please contact us:<\/p>\n<ul>\n<li>e-mail:<a href=\"http:\/\/mailto\/\" target=\"_blank\" rel=\"noopener\">\u00a0<span id=\"eeb-491735-863469\">info@aspecta.sk<\/span><br \/><\/a><\/li>\n<li>contact page:\u00a0<a href=\"http:\/\/kontaktujte\/\" target=\"_blank\" rel=\"noopener\">www.aspecta.sk\/kontaktujte-nas\/<\/a><\/li>\n<li>phone:\u00a0<a href=\"http:\/\/tel\/\" target=\"_blank\" rel=\"noopener\">+421 905 517 719<\/a><\/li>\n<\/ul>\n<p>&nbsp;<\/p>\n<p><strong>3. Information und Rechte der betroffenen Person<\/strong><\/p>\n<p>The provision of data to is voluntary.<\/p>\n<p>In particular, the data subject has the following rights under the law: the right of access to personal data, the right to rectification of personal data, the right to erasure of personal data, the right to restriction of processing of personal data, the right to portability of personal data, the right to object to the processing of personal data.<\/p>\n<p>Personal data will be systematically processed by automated means of processing and rigorously secured to comply with the requirements of the law.<\/p>\n<p><strong>4. Consent of the data subject<\/strong><\/p>\n<p>On the basis of this consent, the data subject grants the controller consent to:<\/p>\n<ul>\n<li>the processing of your personal data in the lists (Google Spreadsheet) and in Mailchimp by performing an operation or set of operations on that personal data, in particular by obtaining, recording, organising, structuring, storing, modifying, retrieving, consulting, using, disclosing by transmission, dissemination or otherwise, rearranging or combining, restricting, erasing, whether or not by automated means, for the purpose referred to in point 1,<\/li>\n<li>disclosure, access and transborder transfer of personal data processed according to the specification in point 1, all under the terms of this consent and the law.<\/li>\n<\/ul>\n<p>At the same time, the person concerned confirms that:<\/p>\n<ul>\n<li>is older than 16 years,<\/li>\n<li>has been fully and comprehensibly informed of the manner, scope and purpose of the processing of her personal data,<\/li>\n<li>had the opportunity to ask additional questions, which have been fully answered, and hereby voluntarily consents to being included in the list and sent to Mailchimp.<\/li>\n<\/ul>\n<\/div>\n<\/div>\n<\/div>\n<\/div>\n<\/div>\n<\/section>\n<p><!-- \/wp:paragraph --><\/p>\t\t\t\t\t\t\t\t<\/div>\n\t\t\t\t<\/div>\n\t\t\t\t\t<\/div>\n\t\t<\/div>\n\t\t\t\t\t<\/div>\n\t\t<\/section>\n\t\t\t\t<\/div>","protected":false},"excerpt":{"rendered":"<p>Z\u00e1sady pou\u017e\u00edvania s\u00faborov cookie Tieto z\u00e1sady pou\u017e\u00edvania s\u00faborov cookie vysvet\u013euj\u00fa, \u010do s\u00fa s\u00fabory cookie a ako ich pou\u017e\u00edvame, typy s\u00faborov cookie, ktor\u00e9 pou\u017e\u00edvame, t. j. inform\u00e1cie, ktor\u00e9 zhroma\u017e\u010fujeme pomocou s\u00faborov cookie a ako sa tieto inform\u00e1cie pou\u017e\u00edvaj\u00fa, a ako kontrolova\u0165 preferencie s\u00faborov cookie. \u010eal\u0161ie inform\u00e1cie o tom, ako pou\u017e\u00edvame, uchov\u00e1vame a uchov\u00e1vame va\u0161e osobn\u00e9 \u00fadaje [&hellip;]<\/p>\n","protected":false},"author":1,"featured_media":0,"parent":0,"menu_order":0,"comment_status":"closed","ping_status":"closed","template":"","meta":{"footnotes":""},"class_list":["post-1902","page","type-page","status-publish","hentry"],"_links":{"self":[{"href":"https:\/\/aspecta.sk\/en\/wp-json\/wp\/v2\/pages\/1902","targetHints":{"allow":["GET"]}}],"collection":[{"href":"https:\/\/aspecta.sk\/en\/wp-json\/wp\/v2\/pages"}],"about":[{"href":"https:\/\/aspecta.sk\/en\/wp-json\/wp\/v2\/types\/page"}],"author":[{"embeddable":true,"href":"https:\/\/aspecta.sk\/en\/wp-json\/wp\/v2\/users\/1"}],"replies":[{"embeddable":true,"href":"https:\/\/aspecta.sk\/en\/wp-json\/wp\/v2\/comments?post=1902"}],"version-history":[{"count":0,"href":"https:\/\/aspecta.sk\/en\/wp-json\/wp\/v2\/pages\/1902\/revisions"}],"wp:attachment":[{"href":"https:\/\/aspecta.sk\/en\/wp-json\/wp\/v2\/media?parent=1902"}],"curies":[{"name":"wp","href":"https:\/\/api.w.org\/{rel}","templated":true}]}}