{"id":34,"date":"2021-06-29T12:41:22","date_gmt":"2021-06-29T10:41:22","guid":{"rendered":"https:\/\/new.aspecta.sk\/?page_id=34"},"modified":"2026-04-02T13:40:57","modified_gmt":"2026-04-02T11:40:57","slug":"kontaktujte-nas","status":"publish","type":"page","link":"https:\/\/aspecta.sk\/en\/kontaktujte-nas\/","title":{"rendered":"CONTACT US"},"content":{"rendered":"\t\t<div data-elementor-type=\"wp-page\" data-elementor-id=\"34\" class=\"elementor elementor-34\">\n\t\t\t\t\t\t<section class=\"elementor-section elementor-top-section elementor-element elementor-element-1b83fe90 elementor-section-height-min-height elementor-section-boxed elementor-section-height-default elementor-section-items-middle\" data-id=\"1b83fe90\" data-element_type=\"section\" data-e-type=\"section\" data-settings=\"{&quot;background_background&quot;:&quot;classic&quot;}\">\n\t\t\t\t\t\t\t<div class=\"elementor-background-overlay\"><\/div>\n\t\t\t\t\t\t\t<div class=\"elementor-container elementor-column-gap-default\">\n\t\t\t\t\t<div class=\"elementor-column elementor-col-66 elementor-top-column elementor-element elementor-element-66e8b0ab\" data-id=\"66e8b0ab\" data-element_type=\"column\" data-e-type=\"column\">\n\t\t\t<div class=\"elementor-widget-wrap elementor-element-populated\">\n\t\t\t\t\t\t<div class=\"elementor-element elementor-element-111c788 elementor-widget elementor-widget-heading\" data-id=\"111c788\" data-element_type=\"widget\" data-e-type=\"widget\" data-widget_type=\"heading.default\">\n\t\t\t\t<div class=\"elementor-widget-container\">\n\t\t\t\t\t<h1 class=\"elementor-heading-title elementor-size-default\">Nev\u00e1hajte n\u00e1s\nkontaktova\u0165<\/h1>\t\t\t\t<\/div>\n\t\t\t\t<\/div>\n\t\t\t\t<div class=\"elementor-element elementor-element-33c9a121 elementor-widget elementor-widget-text-editor\" data-id=\"33c9a121\" data-element_type=\"widget\" data-e-type=\"widget\" data-widget_type=\"text-editor.default\">\n\t\t\t\t<div class=\"elementor-widget-container\">\n\t\t\t\t\t\t\t\t\t<p>Radi v\u00e1m odpovieme na va\u0161e ot\u00e1zky, pr\u00edpadne si s vami dohodneme osobn\u00e9 alebo online stretnutie.\u00a0<\/p>\t\t\t\t\t\t\t\t<\/div>\n\t\t\t\t<\/div>\n\t\t\t\t<div class=\"elementor-element elementor-element-2217c33 elementor-widget elementor-widget-wpforms\" data-id=\"2217c33\" data-element_type=\"widget\" data-e-type=\"widget\" data-widget_type=\"wpforms.default\">\n\t\t\t\t<div class=\"elementor-widget-container\">\n\t\t\t\t\t<div class=\"wpforms-container wpforms-container-full\" id=\"wpforms-309\"><form id=\"wpforms-form-309\" class=\"wpforms-validate wpforms-form\" data-formid=\"309\" method=\"post\" enctype=\"multipart\/form-data\" action=\"\/en\/wp-json\/wp\/v2\/pages\/34\" data-token=\"ab7ba8a22a8a73f385a34d8fc80a6715\" data-token-time=\"1777135293\"><noscript class=\"wpforms-error-noscript\">Please enable JavaScript in your browser to complete this form.<\/noscript><div class=\"wpforms-field-container\"><div id=\"wpforms-309-field_1-container\" class=\"wpforms-field wpforms-field-name wpforms-one-half wpforms-first\" data-field-id=\"1\"><label class=\"wpforms-field-label\" for=\"wpforms-309-field_1\">Meno <span class=\"wpforms-required-label\">*<\/span><\/label><input type=\"text\" id=\"wpforms-309-field_1\" class=\"wpforms-field-large wpforms-field-required\" name=\"wpforms[fields][1]\" required><\/div><div id=\"wpforms-309-field_2-container\" class=\"wpforms-field wpforms-field-text wpforms-one-half\" data-field-id=\"2\"><label class=\"wpforms-field-label\" for=\"wpforms-309-field_2\">Spolo\u010dnos\u0165<\/label><input type=\"text\" id=\"wpforms-309-field_2\" class=\"wpforms-field-large\" name=\"wpforms[fields][2]\" ><\/div><div id=\"wpforms-309-field_3-container\" class=\"wpforms-field wpforms-field-email wpforms-one-half wpforms-first\" data-field-id=\"3\"><label class=\"wpforms-field-label\" for=\"wpforms-309-field_3\">Email <span class=\"wpforms-required-label\">*<\/span><\/label><input type=\"email\" id=\"wpforms-309-field_3\" class=\"wpforms-field-large wpforms-field-required\" name=\"wpforms[fields][3]\" spellcheck=\"false\" required><\/div><div id=\"wpforms-309-field_4-container\" class=\"wpforms-field wpforms-field-number wpforms-one-half\" data-field-id=\"4\"><label class=\"wpforms-field-label\" for=\"wpforms-309-field_4\">Telef\u00f3n<\/label><input type=\"number\" id=\"wpforms-309-field_4\" class=\"wpforms-field-large\" name=\"wpforms[fields][4]\" step=\"any\" ><\/div><div id=\"wpforms-309-field_5-container\" class=\"wpforms-field wpforms-field-textarea\" data-field-id=\"5\"><label class=\"wpforms-field-label\" for=\"wpforms-309-field_5\">Va\u0161a spr\u00e1va<\/label><textarea id=\"wpforms-309-field_5\" class=\"wpforms-field-large\" name=\"wpforms[fields][5]\" ><\/textarea><\/div><\/div><!-- .wpforms-field-container --><div class=\"wpforms-recaptcha-container wpforms-is-recaptcha wpforms-is-recaptcha-type-v3\" ><input type=\"hidden\" name=\"wpforms[recaptcha]\" value=\"\"><\/div><div class=\"wpforms-submit-container\" ><input type=\"hidden\" name=\"wpforms[id]\" value=\"309\"><input type=\"hidden\" name=\"page_title\" value=\"\"><input type=\"hidden\" name=\"page_url\" value=\"https:\/\/aspecta.sk\/en\/wp-json\/wp\/v2\/pages\/34\"><input type=\"hidden\" name=\"url_referer\" value=\"\"><button type=\"submit\" name=\"wpforms[submit]\" id=\"wpforms-submit-309\" class=\"wpforms-submit\" data-alt-text=\"Posielam...\" data-submit-text=\"Odosla\u0165\" aria-live=\"assertive\" value=\"wpforms-submit\">Odosla\u0165<\/button><\/div><\/form><\/div>  <!-- .wpforms-container -->\t\t\t\t<\/div>\n\t\t\t\t<\/div>\n\t\t\t\t<div class=\"elementor-element elementor-element-33013b7 elementor-widget elementor-widget-text-editor\" data-id=\"33013b7\" data-element_type=\"widget\" data-e-type=\"widget\" data-widget_type=\"text-editor.default\">\n\t\t\t\t<div class=\"elementor-widget-container\">\n\t\t\t\t\t\t\t\t\t<p>Svoju po\u017eiadavku n\u00e1m m\u00f4\u017eete posla\u0165 aj na <a href=\"mailto:info@aspecta.sk\">info@aspecta.sk<\/a><\/p>\t\t\t\t\t\t\t\t<\/div>\n\t\t\t\t<\/div>\n\t\t\t\t\t<\/div>\n\t\t<\/div>\n\t\t\t\t<div class=\"elementor-column elementor-col-33 elementor-top-column elementor-element elementor-element-1fc1532e\" data-id=\"1fc1532e\" data-element_type=\"column\" data-e-type=\"column\">\n\t\t\t<div class=\"elementor-widget-wrap\">\n\t\t\t\t\t\t\t<\/div>\n\t\t<\/div>\n\t\t\t\t\t<\/div>\n\t\t<\/section>\n\t\t\t\t<section class=\"elementor-section elementor-top-section elementor-element elementor-element-b1709b9 elementor-section-boxed elementor-section-height-default elementor-section-height-default\" data-id=\"b1709b9\" data-element_type=\"section\" data-e-type=\"section\" data-settings=\"{&quot;background_background&quot;:&quot;classic&quot;}\">\n\t\t\t\t\t\t<div class=\"elementor-container elementor-column-gap-default\">\n\t\t\t\t\t<div class=\"elementor-column elementor-col-50 elementor-top-column elementor-element elementor-element-3c486e0\" data-id=\"3c486e0\" data-element_type=\"column\" data-e-type=\"column\">\n\t\t\t<div class=\"elementor-widget-wrap elementor-element-populated\">\n\t\t\t\t\t\t<div class=\"elementor-element elementor-element-d6ece88 eael-flipbox-content-align-center elementor-widget elementor-widget-eael-flip-box\" data-id=\"d6ece88\" data-element_type=\"widget\" data-e-type=\"widget\" data-widget_type=\"eael-flip-box.default\">\n\t\t\t\t<div class=\"elementor-widget-container\">\n\t\t\t\t\t        <div class=\"eael-elements-flip-box-container eael-animate-flip eael-animate-fade-in eael-content eael-flip-box-hover eael-flipbox-fixed-height eael-flipbox-dynamic\">\n\n            <div class=\"eael-elements-flip-box-flip-card\">\n                <div class=\"eael-elements-flip-box-front-container\">\n                    \n                    \n                        <div class=\"eael-elements-slider-display-table\">\n                            <div class=\"eael-elements-flip-box-vertical-align\">\n                                <div class=\"eael-elements-flip-box-padding\">\n                                    <div class=\"eael-elements-flip-box-icon-image\">\n                                                                                    <i aria-hidden=\"true\" class=\"ea-flipbox-icon icon icon-phone1\"><\/i>                                                                                    <\/div>\n                                    <h2 class=\"eael-elements-flip-box-heading\">+421 905 517 719<\/h2>                                    <div class=\"eael-elements-flip-box-content\">\n\t                                                                        <\/div>\n                                <\/div>\n                            <\/div>\n                        <\/div>\n                                    <\/div>\n\n                <div class=\"eael-elements-flip-box-rear-container\">\n                                                                <div class=\"eael-elements-slider-display-table\">\n                            <div class=\"eael-elements-flip-box-vertical-align\">\n                                <div class=\"eael-elements-flip-box-padding\">\n                                                                            <div class=\"eael-elements-flip-box-icon-image\">\n                                            <i aria-hidden=\"true\" class=\"ea-flipbox-icon icon icon-phone1\"><\/i>                                                <\/div>\n                                                                                                            <h2 class=\"eael-elements-flip-box-heading\">+421 905 517 719<\/h2>\n                                                                        <div class=\"eael-elements-flip-box-content\">\n                                                                            <\/div>\n\n                                                                    <\/div>\n                            <\/div>\n                        <\/div>\n                                    <\/div>\n            <\/div>\n        <\/div>\n        \t\t\t\t<\/div>\n\t\t\t\t<\/div>\n\t\t\t\t<div class=\"elementor-element elementor-element-11287ab eael-flipbox-content-align-center elementor-widget elementor-widget-eael-flip-box\" data-id=\"11287ab\" data-element_type=\"widget\" data-e-type=\"widget\" data-widget_type=\"eael-flip-box.default\">\n\t\t\t\t<div class=\"elementor-widget-container\">\n\t\t\t\t\t        <div class=\"eael-elements-flip-box-container eael-animate-flip eael-animate-fade-in eael-content eael-flip-box-hover eael-flipbox-fixed-height eael-flipbox-dynamic\">\n\n            <div class=\"eael-elements-flip-box-flip-card\">\n                <div class=\"eael-elements-flip-box-front-container\">\n                    \n                    \n                        <div class=\"eael-elements-slider-display-table\">\n                            <div class=\"eael-elements-flip-box-vertical-align\">\n                                <div class=\"eael-elements-flip-box-padding\">\n                                    <div class=\"eael-elements-flip-box-icon-image\">\n                                                                                    <i aria-hidden=\"true\" class=\"ea-flipbox-icon icon icon-apartment1\"><\/i>                                                                                    <\/div>\n                                                                        <div class=\"eael-elements-flip-box-content\">\n\t                                    <h5>Office:<\/h5><h5>Polus Tower 2<br \/>Vajnorsk\u00e1\u00a0100B,\u00a0831\u00a004\u00a0Bratislava<\/h5>                                    <\/div>\n                                <\/div>\n                            <\/div>\n                        <\/div>\n                                    <\/div>\n\n                <div class=\"eael-elements-flip-box-rear-container\">\n                                                                <div class=\"eael-elements-slider-display-table\">\n                            <div class=\"eael-elements-flip-box-vertical-align\">\n                                <div class=\"eael-elements-flip-box-padding\">\n                                                                            <div class=\"eael-elements-flip-box-icon-image\">\n                                            <i aria-hidden=\"true\" class=\"ea-flipbox-icon icon icon-apartment1\"><\/i>                                                <\/div>\n                                                                                                            <div class=\"eael-elements-flip-box-content\">\n                                        <h5>Office:<\/h5><h5>Polus Tower 2<br \/>Vajnorsk\u00e1\u00a0100B,\u00a0831\u00a004\u00a0Bratislava<\/h5>                                    <\/div>\n\n                                                                    <\/div>\n                            <\/div>\n                        <\/div>\n                                    <\/div>\n            <\/div>\n        <\/div>\n        \t\t\t\t<\/div>\n\t\t\t\t<\/div>\n\t\t\t\t\t<\/div>\n\t\t<\/div>\n\t\t\t\t<div class=\"elementor-column elementor-col-50 elementor-top-column elementor-element elementor-element-656ce6c\" data-id=\"656ce6c\" data-element_type=\"column\" data-e-type=\"column\">\n\t\t\t<div class=\"elementor-widget-wrap elementor-element-populated\">\n\t\t\t\t\t\t<div class=\"elementor-element elementor-element-fa1a008 eael-flipbox-content-align-center elementor-widget elementor-widget-eael-flip-box\" data-id=\"fa1a008\" data-element_type=\"widget\" data-e-type=\"widget\" data-widget_type=\"eael-flip-box.default\">\n\t\t\t\t<div class=\"elementor-widget-container\">\n\t\t\t\t\t        <div class=\"eael-elements-flip-box-container eael-animate-flip eael-animate-fade-in eael-content eael-flip-box-hover eael-flipbox-fixed-height eael-flipbox-dynamic\">\n\n            <div class=\"eael-elements-flip-box-flip-card\">\n                <div class=\"eael-elements-flip-box-front-container\">\n                    \n                    \n                        <div class=\"eael-elements-slider-display-table\">\n                            <div class=\"eael-elements-flip-box-vertical-align\">\n                                <div class=\"eael-elements-flip-box-padding\">\n                                    <div class=\"eael-elements-flip-box-icon-image\">\n                                                                                    <i aria-hidden=\"true\" class=\"ea-flipbox-icon icon icon-envelope3\"><\/i>                                                                                    <\/div>\n                                    <h2 class=\"eael-elements-flip-box-heading\">info@aspecta.sk<\/h2>                                    <div class=\"eael-elements-flip-box-content\">\n\t                                                                        <\/div>\n                                <\/div>\n                            <\/div>\n                        <\/div>\n                                    <\/div>\n\n                <div class=\"eael-elements-flip-box-rear-container\">\n                                                                <div class=\"eael-elements-slider-display-table\">\n                            <div class=\"eael-elements-flip-box-vertical-align\">\n                                <div class=\"eael-elements-flip-box-padding\">\n                                                                            <div class=\"eael-elements-flip-box-icon-image\">\n                                            <i aria-hidden=\"true\" class=\"ea-flipbox-icon icon icon-envelope11\"><\/i>                                                <\/div>\n                                                                                                            <h2 class=\"eael-elements-flip-box-heading\">info@aspecta.sk<\/h2>\n                                                                        <div class=\"eael-elements-flip-box-content\">\n                                                                            <\/div>\n\n                                                                    <\/div>\n                            <\/div>\n                        <\/div>\n                                    <\/div>\n            <\/div>\n        <\/div>\n        \t\t\t\t<\/div>\n\t\t\t\t<\/div>\n\t\t\t\t<div class=\"elementor-element elementor-element-351a3b8 eael-flipbox-content-align-center elementor-widget elementor-widget-eael-flip-box\" data-id=\"351a3b8\" data-element_type=\"widget\" data-e-type=\"widget\" data-widget_type=\"eael-flip-box.default\">\n\t\t\t\t<div class=\"elementor-widget-container\">\n\t\t\t\t\t        <div class=\"eael-elements-flip-box-container eael-animate-flip eael-animate-fade-in eael-content eael-flip-box-hover eael-flipbox-fixed-height eael-flipbox-dynamic\">\n\n            <div class=\"eael-elements-flip-box-flip-card\">\n                <div class=\"eael-elements-flip-box-front-container\">\n                    \n                    \n                        <div class=\"eael-elements-slider-display-table\">\n                            <div class=\"eael-elements-flip-box-vertical-align\">\n                                <div class=\"eael-elements-flip-box-padding\">\n                                    <div class=\"eael-elements-flip-box-icon-image\">\n                                                                                    <i aria-hidden=\"true\" class=\"ea-flipbox-icon icon icon-apartment1\"><\/i>                                                                                    <\/div>\n                                                                        <div class=\"eael-elements-flip-box-content\">\n\t                                    <h5>Faktura\u010dn\u00e9 \u00fadaje:<\/h5><h5>Aspecta, s.r.o. &#8211; \u010cere\u0161\u0148ov\u00e1 28, 917 08 Trnava<br \/>I\u010cO: 45919887\u00a0 \u00a0DI\u010c: 2023146026<\/h5>                                    <\/div>\n                                <\/div>\n                            <\/div>\n                        <\/div>\n                                    <\/div>\n\n                <div class=\"eael-elements-flip-box-rear-container\">\n                                                                <div class=\"eael-elements-slider-display-table\">\n                            <div class=\"eael-elements-flip-box-vertical-align\">\n                                <div class=\"eael-elements-flip-box-padding\">\n                                                                            <div class=\"eael-elements-flip-box-icon-image\">\n                                            <i aria-hidden=\"true\" class=\"ea-flipbox-icon icon icon-apartment1\"><\/i>                                                <\/div>\n                                                                                                            <div class=\"eael-elements-flip-box-content\">\n                                        <h5>Faktura\u010dn\u00e9 \u00fadaje:<\/h5><h5>Aspecta, s.r.o. &#8211; \u010cere\u0161\u0148ov\u00e1 28, 917 08 Trnava<br \/>I\u010cO: 45919887\u00a0 \u00a0DI\u010c: 2023146026<\/h5>                                    <\/div>\n\n                                                                    <\/div>\n                            <\/div>\n                        <\/div>\n                                    <\/div>\n            <\/div>\n        <\/div>\n        \t\t\t\t<\/div>\n\t\t\t\t<\/div>\n\t\t\t\t\t<\/div>\n\t\t<\/div>\n\t\t\t\t\t<\/div>\n\t\t<\/section>\n\t\t\t\t<\/div>\n\t\t","protected":false},"excerpt":{"rendered":"<p>Nev\u00e1hajte n\u00e1s kontaktova\u0165 Radi v\u00e1m odpovieme na va\u0161e ot\u00e1zky, pr\u00edpadne si s vami dohodneme osobn\u00e9 alebo online stretnutie.\u00a0 Please enable JavaScript in your browser to complete this form.Meno *Spolo\u010dnos\u0165Email *Telef\u00f3nVa\u0161a spr\u00e1va Odosla\u0165 Svoju po\u017eiadavku n\u00e1m m\u00f4\u017eete posla\u0165 aj na info@aspecta.sk +421 905 517 719 +421 905 517 719 Office: Polus Tower 2Vajnorsk\u00e1\u00a0100B,\u00a0831\u00a004\u00a0Bratislava Office: Polus Tower [&hellip;]<\/p>\n","protected":false},"author":1,"featured_media":0,"parent":0,"menu_order":0,"comment_status":"closed","ping_status":"closed","template":"","meta":{"footnotes":""},"class_list":["post-34","page","type-page","status-publish","hentry"],"_links":{"self":[{"href":"https:\/\/aspecta.sk\/en\/wp-json\/wp\/v2\/pages\/34","targetHints":{"allow":["GET"]}}],"collection":[{"href":"https:\/\/aspecta.sk\/en\/wp-json\/wp\/v2\/pages"}],"about":[{"href":"https:\/\/aspecta.sk\/en\/wp-json\/wp\/v2\/types\/page"}],"author":[{"embeddable":true,"href":"https:\/\/aspecta.sk\/en\/wp-json\/wp\/v2\/users\/1"}],"replies":[{"embeddable":true,"href":"https:\/\/aspecta.sk\/en\/wp-json\/wp\/v2\/comments?post=34"}],"version-history":[{"count":6,"href":"https:\/\/aspecta.sk\/en\/wp-json\/wp\/v2\/pages\/34\/revisions"}],"predecessor-version":[{"id":11135,"href":"https:\/\/aspecta.sk\/en\/wp-json\/wp\/v2\/pages\/34\/revisions\/11135"}],"wp:attachment":[{"href":"https:\/\/aspecta.sk\/en\/wp-json\/wp\/v2\/media?parent=34"}],"curies":[{"name":"wp","href":"https:\/\/api.w.org\/{rel}","templated":true}]}}