{"id":5684,"date":"2022-09-18T13:03:27","date_gmt":"2022-09-18T11:03:27","guid":{"rendered":"https:\/\/aspecta.sk\/?page_id=5684"},"modified":"2022-09-18T13:15:47","modified_gmt":"2022-09-18T11:15:47","slug":"zasady-pouzivania-suborov-cookie","status":"publish","type":"page","link":"https:\/\/aspecta.sk\/en\/zasady-pouzivania-suborov-cookie\/","title":{"rendered":"Cookie Policy"},"content":{"rendered":"\t\t<div data-elementor-type=\"wp-page\" data-elementor-id=\"5684\" class=\"elementor elementor-5684\">\n\t\t\t\t\t\t<section class=\"elementor-section elementor-top-section elementor-element elementor-element-171230fc elementor-section-boxed elementor-section-height-default elementor-section-height-default\" data-id=\"171230fc\" data-element_type=\"section\" data-e-type=\"section\">\n\t\t\t\t\t\t<div class=\"elementor-container elementor-column-gap-default\">\n\t\t\t\t\t<div class=\"elementor-column elementor-col-100 elementor-top-column elementor-element elementor-element-6fac39d7\" data-id=\"6fac39d7\" data-element_type=\"column\" data-e-type=\"column\">\n\t\t\t<div class=\"elementor-widget-wrap elementor-element-populated\">\n\t\t\t\t\t\t<div class=\"elementor-element elementor-element-3a7d909b elementor-widget elementor-widget-text-editor\" data-id=\"3a7d909b\" data-element_type=\"widget\" data-e-type=\"widget\" data-widget_type=\"text-editor.default\">\n\t\t\t\t<div class=\"elementor-widget-container\">\n\t\t\t\t\t\t\t\t\t<div>\n<h3>Z\u00e1sady pou\u017e\u00edvania s\u00faborov cookie<\/h3>\n<div>Tieto z\u00e1sady pou\u017e\u00edvania s\u00faborov cookie vysvet\u013euj\u00fa, \u010do s\u00fa s\u00fabory cookie a ako ich pou\u017e\u00edvame, typy s\u00faborov cookie, ktor\u00e9 pou\u017e\u00edvame, t. j. inform\u00e1cie, ktor\u00e9 zhroma\u017e\u010fujeme pomocou s\u00faborov cookie a ako sa tieto inform\u00e1cie pou\u017e\u00edvaj\u00fa, a ako kontrolova\u0165 preferencie s\u00faborov cookie. \u010eal\u0161ie inform\u00e1cie o tom, ako pou\u017e\u00edvame, uchov\u00e1vame a uchov\u00e1vame va\u0161e osobn\u00e9 \u00fadaje v bezpe\u010d\u00ed, n\u00e1jdete v na\u0161ich <a href=\"https:\/\/aspecta.sk\/zasady-ochrany-osobnych-udajov\/\">Z\u00e1sad\u00e1ch ochrany osobn\u00fdch \u00fadajov<\/a>.<\/div>\n<div><\/div>\n<div>Svoj s\u00fahlas s vyhl\u00e1sen\u00edm o s\u00faboroch cookie na na\u0161ej webovej str\u00e1nke m\u00f4\u017eete kedyko\u013evek zmeni\u0165 alebo odvola\u0165.<\/div>\n<div><\/div>\n<div>Viac o tom, kto sme, ako n\u00e1s m\u00f4\u017eete kontaktova\u0165 a ako sprac\u00favame osobn\u00e9 \u00fadaje, n\u00e1jdete v na\u0161ich\u00a0<a href=\"https:\/\/aspecta.sk\/zasady-ochrany-osobnych-udajov\/\" target=\"_blank\" rel=\"noopener\">Z\u00e1sad\u00e1ch ochrany osobn\u00fdch \u00fadajov<\/a>.<\/div>\n<div><\/div>\n<div>V\u00e1\u0161 s\u00fahlas sa vz\u0165ahuje na nasledovn\u00e9 dom\u00e9ny: aspecta.sk[user_consent_state]<\/div>\n<h3>\u010co s\u00fa cookies?<\/h3>\n<div>Cookies s\u00fa mal\u00e9 textov\u00e9 s\u00fabory, ktor\u00e9 sa pou\u017e\u00edvaj\u00fa na ukladanie mal\u00fdch k\u00faskov inform\u00e1ci\u00ed. S\u00fa ulo\u017een\u00e9 vo va\u0161om zariaden\u00ed, ke\u010f sa webov\u00e1 str\u00e1nka na\u010d\u00edta do v\u00e1\u0161ho prehliada\u010da. Tieto s\u00fabory cookie n\u00e1m pom\u00e1haj\u00fa spr\u00e1vne fungova\u0165, zvy\u0161ova\u0165 bezpe\u010dnos\u0165, poskytova\u0165 lep\u0161iu pou\u017e\u00edvate\u013esk\u00fa sk\u00fasenos\u0165 a porozumie\u0165 tomu, ako webov\u00e1 str\u00e1nka funguje a analyzova\u0165, \u010do funguje a kde je potrebn\u00e9 zlep\u0161i\u0165.<\/div>\n<h3>Ako pou\u017e\u00edvame cookies ?<\/h3>\n<div>Ako v\u00e4\u010d\u0161ina online slu\u017eieb, aj na\u0161a webov\u00e1 str\u00e1nka pou\u017e\u00edva cookies prvej a tretej strany na nieko\u013eko \u00fa\u010delov. Cookies prvej strany s\u00fa v\u00e4\u010d\u0161inou potrebn\u00e9 na to, aby webov\u00e1 str\u00e1nka fungovala spr\u00e1vnym sp\u00f4sobom, a nezhroma\u017e\u010fuj\u00fa \u017eiadne va\u0161e osobn\u00e9 \u00fadaje.S\u00fabory cookie tret\u00edch str\u00e1n pou\u017e\u00edvan\u00e9 na na\u0161ej webovej lokalite sl\u00fa\u017eia najm\u00e4 na pochopenie toho, ako webov\u00e1 lokalita funguje, ako s na\u0161ou webovou str\u00e1nkou komunikujete, na zabezpe\u010denie na\u0161ich slu\u017eieb, poskytovanie rekl\u00e1m, ktor\u00e9 s\u00fa pre v\u00e1s relevantn\u00e9, a celkovo na poskytovanie lep\u0161ieho a vylep\u0161en\u00e9ho pou\u017e\u00edvate\u013ea. sk\u00fasenosti a pom\u00f4\u017eu ur\u00fdchli\u0165 va\u0161e bud\u00face interakcie s na\u0161ou webovou str\u00e1nkou.<\/div>\n<h3>Ak\u00e9 typy cookies pou\u017e\u00edvame?<\/h3>\n<div>Nevyhnutn\u00e9: Niektor\u00e9 s\u00fabory cookie s\u00fa nevyhnutn\u00e9 na to, aby ste mohli vyu\u017e\u00edva\u0165 pln\u00fa funk\u010dnos\u0165 na\u0161ej str\u00e1nky. Umo\u017e\u0148uj\u00fa n\u00e1m udr\u017eiava\u0165 pou\u017e\u00edvate\u013esk\u00e9 rel\u00e1cie a predch\u00e1dza\u0165 ak\u00fdmko\u013evek bezpe\u010dnostn\u00fdm hrozb\u00e1m. Nezhroma\u017e\u010fuj\u00fa ani neuchov\u00e1vaj\u00fa \u017eiadne osobn\u00e9 \u00fadaje. Tieto s\u00fabory cookie v\u00e1m napr\u00edklad umo\u017e\u0148uj\u00fa prihl\u00e1si\u0165 sa do svojho \u00fa\u010dtu a prida\u0165 produkty do ko\u0161\u00edka a bezpe\u010dne zaplati\u0165.\u0160tatistiky: Tieto s\u00fabory cookie ukladaj\u00fa inform\u00e1cie, ako je po\u010det n\u00e1v\u0161tevn\u00edkov webovej lokality, po\u010det jedine\u010dn\u00fdch n\u00e1v\u0161tevn\u00edkov, ktor\u00e9 str\u00e1nky webovej lokality boli nav\u0161t\u00edven\u00e9, zdroj n\u00e1v\u0161tevy at\u010f. Tieto \u00fadaje n\u00e1m pom\u00e1haj\u00fa pochopi\u0165 a analyzova\u0165 v\u00fdkonnos\u0165 webovej lokality. a kde to potrebuje zlep\u0161enie.Funk\u010dn\u00e9: Toto s\u00fa s\u00fabory cookie, ktor\u00e9 pom\u00e1haj\u00fa ur\u010dit\u00fdm nepodstatn\u00fdm funkci\u00e1m na na\u0161ej webovej str\u00e1nke. Tieto funkcie zah\u0155\u0148aj\u00fa vkladanie obsahu, ako s\u00fa vide\u00e1, alebo zdie\u013eanie obsahu webovej str\u00e1nky na platform\u00e1ch soci\u00e1lnych m\u00e9di\u00ed.Predvo\u013eby: Tieto s\u00fabory cookie n\u00e1m pom\u00e1haj\u00fa uklada\u0165 va\u0161e nastavenia a preferencie prehliadania, ako s\u00fa napr\u00edklad jazykov\u00e9 preferencie, aby ste mali pri bud\u00facich n\u00e1v\u0161tev\u00e1ch webovej str\u00e1nky lep\u0161\u00ed a efekt\u00edvnej\u0161\u00ed z\u00e1\u017eitok.[cookie_audit columns=&#8220;cookie,description,type,duration&#8220; header=&#8220;Ni\u017e\u0161ie uveden\u00fd zoznam podrobne popisuje s\u00fabory cookie pou\u017e\u00edvan\u00e9 na na\u0161ej webovej lokalite.&#8220;]<\/div>\n<h3>Ako m\u00f4\u017eem kontrolova\u0165 preferencie s\u00faborov cookie?<\/h3>\n<div>Ak sa nesk\u00f4r rozhodnete zmeni\u0165 svoje preferencie po\u010das rel\u00e1cie prehliadania, m\u00f4\u017eete na svojej obrazovke klikn\u00fa\u0165 na kartu \u201eZ\u00e1sady ochrany osobn\u00fdch \u00fadajov a s\u00faborov cookie\u201c. T\u00fdm sa znova zobraz\u00ed ozn\u00e1menie o s\u00fahlase, ktor\u00e9 v\u00e1m umo\u017en\u00ed zmeni\u0165 va\u0161e preferencie alebo \u00faplne odvola\u0165 v\u00e1\u0161 s\u00fahlas.Okrem toho r\u00f4zne prehliada\u010de poskytuj\u00fa r\u00f4zne sp\u00f4soby blokovania a odstra\u0148ovania s\u00faborov cookie pou\u017e\u00edvan\u00fdch webov\u00fdmi str\u00e1nkami. M\u00f4\u017eete zmeni\u0165 nastavenia svojho prehliada\u010da tak, aby blokoval\/vymaz\u00e1val cookies. Ak chcete zisti\u0165 viac o tom, ako spravova\u0165 a odstra\u0148ova\u0165 s\u00fabory cookie, nav\u0161t\u00edvte str\u00e1nky wikipedia.org, www.allaboutcookies.org.<\/div>\n<h3><\/h3>\n<div><\/div>\n<\/div>\t\t\t\t\t\t\t\t<\/div>\n\t\t\t\t<\/div>\n\t\t\t\t\t<\/div>\n\t\t<\/div>\n\t\t\t\t\t<\/div>\n\t\t<\/section>\n\t\t\t\t<section class=\"elementor-section elementor-top-section elementor-element elementor-element-b0921f5 elementor-section-boxed elementor-section-height-default elementor-section-height-default\" data-id=\"b0921f5\" data-element_type=\"section\" data-e-type=\"section\" data-settings=\"{&quot;background_background&quot;:&quot;classic&quot;}\">\n\t\t\t\t\t\t<div class=\"elementor-container elementor-column-gap-default\">\n\t\t\t\t\t<div class=\"elementor-column elementor-col-100 elementor-top-column elementor-element elementor-element-6af3877\" data-id=\"6af3877\" data-element_type=\"column\" data-e-type=\"column\">\n\t\t\t<div class=\"elementor-widget-wrap elementor-element-populated\">\n\t\t\t\t\t\t<div class=\"elementor-element elementor-element-fc3b415 elementor-widget elementor-widget-text-editor\" data-id=\"fc3b415\" data-element_type=\"widget\" data-e-type=\"widget\" data-widget_type=\"text-editor.default\">\n\t\t\t\t<div class=\"elementor-widget-container\">\n\t\t\t\t\t\t\t\t\t<h3>S\u00fahlas so sprac\u00favan\u00edm osobn\u00fdch \u00fadajov<\/h3><p>(\u010falej len \u201es\u00fahlas\u201c)<\/p><p>pod\u013ea \u00a7 13 ods. 1 p\u00edsm. a) a z\u00e1kona \u010d. 18\/2018 o ochrane osobn\u00fdch \u00fadajov a o zmene a doplnen\u00ed niektor\u00fdch z\u00e1konov v platnom znen\u00ed<\/p><p>(\u010falej len \u201ez\u00e1kon\u201c)<\/p><p><strong>1. \u00da\u010del poskytnutia osobn\u00fdch \u00fadajov<\/strong><\/p><p>Poskytnut\u00e9 osobn\u00e9 \u00fadaje (mailov\u00e1 adresa, telef\u00f3nne \u010d\u00edslo, meno, priezvisko, n\u00e1zov spolo\u010dnosti) bud\u00fa vyu\u017eit\u00e9 na zasielanie noviniek o spolo\u010dnosti ASPECTA,s.r.o., ako s\u00fa \u010dl\u00e1nky \u010di inform\u00e1cie o nov\u00fdch slu\u017eb\u00e1ch. Rovnako na sp\u00e4tn\u00e9 kontaktovanie e-mailom, telef\u00f3nnymi hovormi, SMS alebo in\u00fdmi ekvivalentn\u00fdmi formami elektronickej komunik\u00e1cie, ako s\u00fa ozn\u00e1menia mobilnej aplik\u00e1cie t\u00fdkaj\u00face sa aktualiz\u00e1ci\u00ed alebo informat\u00edvnej komunik\u00e1cie s\u00favisiacej s funkciami, produktmi alebo zmluvn\u00fdmi slu\u017ebami vr\u00e1tane aktualiz\u00e1ci\u00ed zabezpe\u010denia, ke\u010f je to potrebn\u00e9 alebo primeran\u00e9 na ich implement\u00e1ciu. Osobn\u00e9 \u00fadaje s\u00fa \u010falej zasielan\u00e9 a spracovan\u00e9 v n\u00e1stroji Mailchimp. M\u00f4\u017eu by\u0165 tie\u017e ulo\u017een\u00e9 v zozname. Lehota na v\u00fdmaz osobn\u00fdch \u00fadajov je 5 rokov.<\/p><p><strong>2. Osobn\u00e9 \u00fadaje poskytujete firme:<\/strong><\/p><p>Obchodn\u00e9 meno: ASPECTA, s.r.o.<\/p><p>\u010cere\u0161\u0148ov\u00e1 28, 036 58 Trnava, Slovensk\u00e1 republika<\/p><p>I\u010cO: 45919887; DI\u010c: 2023146026; I\u010c DPHSK: 2023146026<\/p><p>Ak m\u00e1te ak\u00e9ko\u013evek ot\u00e1zky oh\u013eadom ochrany osobn\u00fdch \u00fadajov, kontaktujte n\u00e1s:<\/p><ul><li>e-mail:<a href=\"http:\/\/mailto\"> info@aspecta.sk<br \/><\/a><\/li><li>kontaktn\u00e1 str\u00e1nka:\u00a0<a href=\"http:\/\/kontaktujte\" target=\"_blank\" rel=\"noopener\">www.aspecta.sk\/kontaktujte-nas\/<\/a><\/li><li><span style=\"color: var( --e-global-color-text ); font-family: var( --e-global-typography-text-font-family ), Sans-serif; font-size: 1rem; background-color: var( --e-global-color-primary );\">tel. \u010d\u00edslo:<\/span> <span style=\"color: var( --e-global-color-text ); font-family: var( --e-global-typography-text-font-family ), Sans-serif; font-size: 1rem; background-color: var( --e-global-color-primary );\"><a href=\"http:\/\/tel\">+421 905 517 719<\/a><\/span><\/li><\/ul><p>\u00a0<\/p><p><strong>3. Pou\u010denie dotknutej osoby a jej pr\u00e1va<\/strong><\/p><p>Poskytnutie \u00fadajov do je dobrovo\u013en\u00e9.<\/p><p>Dotknut\u00e1 osoba m\u00e1 pod\u013ea z\u00e1kona najm\u00e4 tieto pr\u00e1va: pr\u00e1vo na pr\u00edstup k osobn\u00fdm \u00fadajom, pr\u00e1vo na opravu osobn\u00fdch \u00fadajov, pr\u00e1vo na v\u00fdmaz osobn\u00fdch \u00fadajov, pr\u00e1vo na obmedzenie sprac\u00favania osobn\u00fdch \u00fadajov, pr\u00e1vo na prenosnos\u0165 osobn\u00fdch \u00fadajov, pr\u00e1vo namieta\u0165 sprac\u00favanie osobn\u00fdch \u00fadajov.<\/p><p>Osobn\u00e9 \u00fadaje bud\u00fa systematicky sprac\u00favan\u00e9 automatizovan\u00fdmi prostriedkami sprac\u00favania a d\u00f4sledne zabezpe\u010den\u00e9 tak, aby zodpovedali po\u017eiadavk\u00e1m z\u00e1kona.<\/p><p><strong>4. S\u00fahlas dotknutej osoby<\/strong><\/p><p>Dotknut\u00e1 osoba na z\u00e1klade tohto s\u00fahlasu ude\u013euje prev\u00e1dzkovate\u013eovi s\u00fahlas na:<\/p><ul><li>sprac\u00favanie svojich osobn\u00fdch \u00fadajov v zoznamoch (Google Spreadsheet) a v n\u00e1stroji Mailchimp vykon\u00e1van\u00edm oper\u00e1ci\u00ed alebo s\u00faboru oper\u00e1ci\u00ed s t\u00fdmito osobn\u00fdmi \u00fadajmi, najm\u00e4 ich z\u00edskavanie, zaznamen\u00e1vanie, usporad\u00favanie, \u0161trukt\u00farovanie, uchov\u00e1vanie, zmena, vyh\u013ead\u00e1vanie, prehliadanie, vyu\u017e\u00edvanie, poskytovanie prenosom, \u0161\u00edren\u00edm alebo in\u00fdm sp\u00f4sobom, preskupovanie alebo kombinovanie, obmedzenie, vymazanie, bez oh\u013eadu na to, \u010di sa vykon\u00e1va automatizovan\u00fdmi prostriedkami alebo neautomatizovan\u00fdmi prostriedkami, na \u00fa\u010del uveden\u00fd v bode 1.,<\/li><li>poskytnutie, spr\u00edstupnenie a cezhrani\u010dn\u00fd prenos sprac\u00favan\u00fdch osobn\u00fdch \u00fadajov pod\u013ea \u0161pecifik\u00e1cie uvedenej v bode 1., a to v\u0161etko za podmienok pod\u013ea tohto s\u00fahlasu a z\u00e1kona.<\/li><\/ul><p>Dotknut\u00e1 osoba s\u00fa\u010dasne potvrdzuje, \u017ee:<\/p><ul><li>je star\u0161ia ako 16 rokov,<\/li><li>bola \u00faplne a zrozumite\u013ene informovan\u00e1 o sp\u00f4sobe, rozsahu a \u00fa\u010dele sprac\u00favania jej osobn\u00fdch \u00fadajov,<\/li><li>mala mo\u017enos\u0165 kl\u00e1s\u0165 dopl\u0148uj\u00face ot\u00e1zky, ktor\u00e9 jej boli \u00faplne zodpovedan\u00e9 a t\u00fdmto dobrovo\u013ene s\u00fahlas\u00ed so zaraden\u00edm do zoznamu a zaslan\u00edm do n\u00e1stroja Mailchimp.<\/li><\/ul><div data-elementor-type=\"footer\" data-elementor-id=\"446\"><div><section data-id=\"77cc7360\" data-element_type=\"section\" data-settings=\"{&quot;background_background&quot;:&quot;classic&quot;}\"><div><div><div data-id=\"2850b7e6\" data-element_type=\"column\"><div><div><div data-id=\"7a341044\" data-element_type=\"widget\" data-widget_type=\"heading.default\"><div>\u00a0<\/div><\/div><\/div><\/div><\/div><\/div><\/div><\/section><\/div><\/div>\t\t\t\t\t\t\t\t<\/div>\n\t\t\t\t<\/div>\n\t\t\t\t\t<\/div>\n\t\t<\/div>\n\t\t\t\t\t<\/div>\n\t\t<\/section>\n\t\t\t\t<\/div>\n\t\t","protected":false},"excerpt":{"rendered":"<p>Z\u00e1sady pou\u017e\u00edvania s\u00faborov cookie Tieto z\u00e1sady pou\u017e\u00edvania s\u00faborov cookie vysvet\u013euj\u00fa, \u010do s\u00fa s\u00fabory cookie a ako ich pou\u017e\u00edvame, typy s\u00faborov cookie, ktor\u00e9 pou\u017e\u00edvame, t. j. inform\u00e1cie, ktor\u00e9 zhroma\u017e\u010fujeme pomocou s\u00faborov cookie a ako sa tieto inform\u00e1cie pou\u017e\u00edvaj\u00fa, a ako kontrolova\u0165 preferencie s\u00faborov cookie. \u010eal\u0161ie inform\u00e1cie o tom, ako pou\u017e\u00edvame, uchov\u00e1vame a uchov\u00e1vame va\u0161e osobn\u00e9 \u00fadaje [&hellip;]<\/p>\n","protected":false},"author":1,"featured_media":0,"parent":0,"menu_order":0,"comment_status":"closed","ping_status":"closed","template":"","meta":{"footnotes":""},"class_list":["post-5684","page","type-page","status-publish","hentry"],"_links":{"self":[{"href":"https:\/\/aspecta.sk\/en\/wp-json\/wp\/v2\/pages\/5684","targetHints":{"allow":["GET"]}}],"collection":[{"href":"https:\/\/aspecta.sk\/en\/wp-json\/wp\/v2\/pages"}],"about":[{"href":"https:\/\/aspecta.sk\/en\/wp-json\/wp\/v2\/types\/page"}],"author":[{"embeddable":true,"href":"https:\/\/aspecta.sk\/en\/wp-json\/wp\/v2\/users\/1"}],"replies":[{"embeddable":true,"href":"https:\/\/aspecta.sk\/en\/wp-json\/wp\/v2\/comments?post=5684"}],"version-history":[{"count":0,"href":"https:\/\/aspecta.sk\/en\/wp-json\/wp\/v2\/pages\/5684\/revisions"}],"wp:attachment":[{"href":"https:\/\/aspecta.sk\/en\/wp-json\/wp\/v2\/media?parent=5684"}],"curies":[{"name":"wp","href":"https:\/\/api.w.org\/{rel}","templated":true}]}}